{"id":4606,"date":"2021-03-05T19:50:38","date_gmt":"2021-03-05T19:50:38","guid":{"rendered":"https:\/\/kristibam.lv\/lv\/?post_type=product&#038;p=4606"},"modified":"2022-05-22T12:45:25","modified_gmt":"2022-05-22T12:45:25","slug":"balta-atlasa-kleita-ar-mezginem","status":"publish","type":"product","link":"https:\/\/kristibam.lv\/lv\/produkts\/balta-atlasa-kleita-ar-mezginem\/","title":{"rendered":"Balta atlasa kleita ar me\u017e\u0123\u012bn\u0113m"},"content":{"rendered":"<p>Balta atlasa kleita ar me\u017e\u0123\u012bn\u0113m. Cena nor\u0101d\u012bta tikai par kleitu.<br \/>\nKleitas garums 55cm.<\/p>\n<p>Izmantotie materi\u0101li:<\/p>\n<ul>\n<li>atlass<\/li>\n<li>me\u017e\u0123\u012bnes<\/li>\n<li>gar\u0161s sl\u0113dzis mugurda\u013c\u0101<\/li>\n<\/ul>\n<p>Izgatavo\u0161anas laiks 5-10 dienas<\/p>\n<p>Kleita tiks \u0161\u016bta p\u0113c b\u0113rna individu\u0101liem izm\u0113riem. Iesp\u0113jams pas\u016bt\u012bt citu piedurk\u0146u veidu, k\u0101 ar\u012b main\u012bt kleitas garumu.<\/p>","protected":false},"excerpt":{"rendered":"<p>!Pas\u016bti sev vajadz\u012bgo izm\u0113ru! Ap\u0123\u0113rbs tiks izgatavots individu\u0101li p\u0113c J\u016bsu b\u0113rna izm\u0113riem.<\/p>\n<p> Balta atlasa kleita ar me\u017e\u0123\u012bn\u0113m<\/p>\n","protected":false},"featured_media":4609,"template":"","meta":[],"product_cat":[343,335],"product_tag":[355,382,356,378],"_links":{"self":[{"href":"https:\/\/kristibam.lv\/lv\/wp-json\/wp\/v2\/product\/4606"}],"collection":[{"href":"https:\/\/kristibam.lv\/lv\/wp-json\/wp\/v2\/product"}],"about":[{"href":"https:\/\/kristibam.lv\/lv\/wp-json\/wp\/v2\/types\/product"}],"wp:featuredmedia":[{"embeddable":true,"href":"https:\/\/kristibam.lv\/lv\/wp-json\/wp\/v2\/media\/4609"}],"wp:attachment":[{"href":"https:\/\/kristibam.lv\/lv\/wp-json\/wp\/v2\/media?parent=4606"}],"wp:term":[{"taxonomy":"product_cat","embeddable":true,"href":"https:\/\/kristibam.lv\/lv\/wp-json\/wp\/v2\/product_cat?post=4606"},{"taxonomy":"product_tag","embeddable":true,"href":"https:\/\/kristibam.lv\/lv\/wp-json\/wp\/v2\/product_tag?post=4606"}],"curies":[{"name":"wp","href":"https:\/\/api.w.org\/{rel}","templated":true}]}}