{"id":4598,"date":"2021-03-05T19:07:39","date_gmt":"2021-03-05T19:07:39","guid":{"rendered":"https:\/\/kristibam.lv\/lv\/?post_type=product&#038;p=4598"},"modified":"2022-05-22T12:46:34","modified_gmt":"2022-05-22T12:46:34","slug":"kristibu-kleita-imperial-mood","status":"publish","type":"product","link":"https:\/\/kristibam.lv\/lv\/produkts\/kristibu-kleita-imperial-mood\/","title":{"rendered":"Krist\u012bbu kleita Imperial mood"},"content":{"rendered":"<p>Piena balta me\u017e\u0123\u012b\u0146u un m\u0101ksl\u012bg\u0101 z\u012bda kleita un cepur\u012bte.<\/p>\n<p>Kleitas garums 50cm.<\/p>\n<p>Izmantotie materi\u0101li:<\/p>\n<p>&#8211; m\u0101ksl\u012bgais z\u012bds<br \/>\n&#8211; me\u017e\u0123\u012bnes<br \/>\n&#8211; gar\u0161s sl\u0113dzis mugurda\u013c\u0101<\/p>\n<p>Izgatavo\u0161anas laiks 5-10 dienas<br \/>\n! Pas\u016bti savu izm\u0113ru !<\/p>\n<p><\/p>","protected":false},"excerpt":{"rendered":"<p>!Pas\u016bti sev vajadz\u012bgo izm\u0113ru! Ap\u0123\u0113rbs tiks izgatavots individu\u0101li p\u0113c J\u016bsu b\u0113rna izm\u0113riem. Piena balta me\u017e\u0123\u012b\u0146u un m\u0101ksl\u012bg\u0101 z\u012bda kleita un cepur\u012bte.<\/p>\n","protected":false},"featured_media":4599,"template":"","meta":[],"product_cat":[343,335],"product_tag":[356,386,378],"_links":{"self":[{"href":"https:\/\/kristibam.lv\/lv\/wp-json\/wp\/v2\/product\/4598"}],"collection":[{"href":"https:\/\/kristibam.lv\/lv\/wp-json\/wp\/v2\/product"}],"about":[{"href":"https:\/\/kristibam.lv\/lv\/wp-json\/wp\/v2\/types\/product"}],"wp:featuredmedia":[{"embeddable":true,"href":"https:\/\/kristibam.lv\/lv\/wp-json\/wp\/v2\/media\/4599"}],"wp:attachment":[{"href":"https:\/\/kristibam.lv\/lv\/wp-json\/wp\/v2\/media?parent=4598"}],"wp:term":[{"taxonomy":"product_cat","embeddable":true,"href":"https:\/\/kristibam.lv\/lv\/wp-json\/wp\/v2\/product_cat?post=4598"},{"taxonomy":"product_tag","embeddable":true,"href":"https:\/\/kristibam.lv\/lv\/wp-json\/wp\/v2\/product_tag?post=4598"}],"curies":[{"name":"wp","href":"https:\/\/api.w.org\/{rel}","templated":true}]}}