{"id":4593,"date":"2021-03-05T18:54:41","date_gmt":"2021-03-05T18:54:41","guid":{"rendered":"https:\/\/kristibam.lv\/lv\/?post_type=product&#038;p=4593"},"modified":"2022-02-17T18:55:13","modified_gmt":"2022-02-17T18:55:13","slug":"kristibu-kleita-imperial","status":"publish","type":"product","link":"https:\/\/kristibam.lv\/lv\/produkts\/kristibu-kleita-imperial\/","title":{"rendered":"Krist\u012bbu kleita Imperial"},"content":{"rendered":"<p>Me\u017e\u0123\u012b\u0146u krist\u012bbu kleita un cepur\u012bte.<\/p>\n<p>Izmantotie materi\u0101li:<\/p>\n<p>-Atlass 100% Poliesters<br \/>\n-Me\u017e\u0123\u012bne Ivory<br \/>\n-Gar\u0161 r\u0101v\u0113jsl\u0113dzis mugurda\u013c\u0101<\/p>\n<p>Kleitas garums  70 cm<\/p>\n<p>Izgatavo\u0161anas laiks 5-10 dienas<br \/>\n!Pas\u016bti savu izm\u0113ru!<br \/>\n<\/p>","protected":false},"excerpt":{"rendered":"<p>!Pas\u016bti sev vajadz\u012bgo izm\u0113ru! Ap\u0123\u0113rbs tiks izgatavots individu\u0101li p\u0113c J\u016bsu b\u0113rna izm\u0113riem.<br \/>\nMe\u017e\u0123\u012b\u0146u krist\u012bbu kleita un cepur\u012bte.<\/p>\n","protected":false},"featured_media":4594,"template":"","meta":[],"product_cat":[343,335],"product_tag":[355,356,386,384],"_links":{"self":[{"href":"https:\/\/kristibam.lv\/lv\/wp-json\/wp\/v2\/product\/4593"}],"collection":[{"href":"https:\/\/kristibam.lv\/lv\/wp-json\/wp\/v2\/product"}],"about":[{"href":"https:\/\/kristibam.lv\/lv\/wp-json\/wp\/v2\/types\/product"}],"wp:featuredmedia":[{"embeddable":true,"href":"https:\/\/kristibam.lv\/lv\/wp-json\/wp\/v2\/media\/4594"}],"wp:attachment":[{"href":"https:\/\/kristibam.lv\/lv\/wp-json\/wp\/v2\/media?parent=4593"}],"wp:term":[{"taxonomy":"product_cat","embeddable":true,"href":"https:\/\/kristibam.lv\/lv\/wp-json\/wp\/v2\/product_cat?post=4593"},{"taxonomy":"product_tag","embeddable":true,"href":"https:\/\/kristibam.lv\/lv\/wp-json\/wp\/v2\/product_tag?post=4593"}],"curies":[{"name":"wp","href":"https:\/\/api.w.org\/{rel}","templated":true}]}}