{"id":4583,"date":"2021-03-05T17:45:53","date_gmt":"2021-03-05T17:45:53","guid":{"rendered":"https:\/\/kristibam.lv\/lv\/?post_type=product&#038;p=4583"},"modified":"2022-05-22T12:47:30","modified_gmt":"2022-05-22T12:47:30","slug":"kristibu-kleita","status":"publish","type":"product","link":"https:\/\/kristibam.lv\/lv\/produkts\/kristibu-kleita-cepure-un-kurpites\/","title":{"rendered":"Krist\u012bbu kleita, cepure un kurp\u012btes"},"content":{"rendered":"<p>Balta m\u0101ksl\u012bg\u0101 z\u012bda kleita ar me\u0123\u012bn\u0113m. Cepure un kurp\u012btes<\/p>\n<p>Kleitas garums 45cm.<\/p>\n<p>Izmantotie materi\u0101li:<\/p>\n<p>&#8211; m\u0101ksl\u012bgais z\u012bds<br \/>\n&#8211; me\u017e\u0123\u012bnes<br \/>\n&#8211; gar\u0161s sl\u0113dzis mugurda\u013c\u0101<\/p>\n<p>Izgatavo\u0161anas laiks 5-10 dienas<br \/>\n! Pas\u016bti savu izm\u0113ru !<\/p>\n<p><\/p>","protected":false},"excerpt":{"rendered":"<p>!Pas\u016bti sev vajadz\u012bgo izm\u0113ru! Ap\u0123\u0113rbs tiks izgatavots individu\u0101li p\u0113c J\u016bsu b\u0113rna izm\u0113riem. Balta m\u0101ksl\u012bg\u0101 z\u012bda kleita ar me\u0123\u012bn\u0113m. Cepure un kurp\u012btes<\/p>\n","protected":false},"featured_media":4584,"template":"","meta":[],"product_cat":[343,335],"product_tag":[355,356,378,384],"_links":{"self":[{"href":"https:\/\/kristibam.lv\/lv\/wp-json\/wp\/v2\/product\/4583"}],"collection":[{"href":"https:\/\/kristibam.lv\/lv\/wp-json\/wp\/v2\/product"}],"about":[{"href":"https:\/\/kristibam.lv\/lv\/wp-json\/wp\/v2\/types\/product"}],"wp:featuredmedia":[{"embeddable":true,"href":"https:\/\/kristibam.lv\/lv\/wp-json\/wp\/v2\/media\/4584"}],"wp:attachment":[{"href":"https:\/\/kristibam.lv\/lv\/wp-json\/wp\/v2\/media?parent=4583"}],"wp:term":[{"taxonomy":"product_cat","embeddable":true,"href":"https:\/\/kristibam.lv\/lv\/wp-json\/wp\/v2\/product_cat?post=4583"},{"taxonomy":"product_tag","embeddable":true,"href":"https:\/\/kristibam.lv\/lv\/wp-json\/wp\/v2\/product_tag?post=4583"}],"curies":[{"name":"wp","href":"https:\/\/api.w.org\/{rel}","templated":true}]}}