{"id":4554,"date":"2021-03-02T17:15:24","date_gmt":"2021-03-02T17:15:24","guid":{"rendered":"https:\/\/kristibam.lv\/lv\/?post_type=product&#038;p=4554"},"modified":"2021-03-05T17:31:08","modified_gmt":"2021-03-05T17:31:08","slug":"garais-kristibu-krekls-2","status":"publish","type":"product","link":"https:\/\/kristibam.lv\/lv\/produkts\/garais-kristibu-krekls-2\/","title":{"rendered":"Garais krist\u012bbu krekls"},"content":{"rendered":"<p>Garais krist\u012bbu krekls un cepur\u012bte.<\/p>\n<p>Izmantotie materi\u0101li:<\/p>\n<ul>\n<li>100% kokvilnas audums<\/li>\n<li>me\u017e\u0123\u012bnes<\/li>\n<\/ul>\n<p>Izgatavo\u0161anas laiks 5-10 dienas<\/p>","protected":false},"excerpt":{"rendered":"<p>Krist\u012bbu krekls un cepur\u012bte no kokvilnas auduma<\/p>\n","protected":false},"featured_media":4555,"template":"","meta":[],"product_cat":[338,334],"product_tag":[361,386],"_links":{"self":[{"href":"https:\/\/kristibam.lv\/lv\/wp-json\/wp\/v2\/product\/4554"}],"collection":[{"href":"https:\/\/kristibam.lv\/lv\/wp-json\/wp\/v2\/product"}],"about":[{"href":"https:\/\/kristibam.lv\/lv\/wp-json\/wp\/v2\/types\/product"}],"wp:featuredmedia":[{"embeddable":true,"href":"https:\/\/kristibam.lv\/lv\/wp-json\/wp\/v2\/media\/4555"}],"wp:attachment":[{"href":"https:\/\/kristibam.lv\/lv\/wp-json\/wp\/v2\/media?parent=4554"}],"wp:term":[{"taxonomy":"product_cat","embeddable":true,"href":"https:\/\/kristibam.lv\/lv\/wp-json\/wp\/v2\/product_cat?post=4554"},{"taxonomy":"product_tag","embeddable":true,"href":"https:\/\/kristibam.lv\/lv\/wp-json\/wp\/v2\/product_tag?post=4554"}],"curies":[{"name":"wp","href":"https:\/\/api.w.org\/{rel}","templated":true}]}}