{"id":4550,"date":"2021-02-26T18:13:15","date_gmt":"2021-02-26T18:13:15","guid":{"rendered":"https:\/\/kristibam.lv\/lv\/?post_type=product&#038;p=4550"},"modified":"2022-07-02T19:19:29","modified_gmt":"2022-07-02T19:19:29","slug":"kokvilnas-dvielitis-kristibam","status":"publish","type":"product","link":"https:\/\/kristibam.lv\/lv\/produkts\/kokvilnas-dvielitis-kristibam\/","title":{"rendered":"Kokvilnas dviel\u012btis krist\u012bb\u0101m"},"content":{"rendered":"<p>Kokvilnas auduma dviel\u012btis ar iz\u0161uvumu.<\/p>\n<p>izm\u0113rs: 50*70cm<br \/>\niz\u0161uvuma kr\u0101su ir iesp\u0113jams main\u012bt<br \/>\nizgatavo\u0161anas laiks 1-3 dienas<br \/>\n<\/p>","protected":false},"excerpt":{"rendered":"<p>Kokvilnas auduma dviel\u012btis ar iz\u0161uvumu.<\/p>\n","protected":false},"featured_media":4552,"template":"","meta":[],"product_cat":[336,350],"product_tag":[358,359,386],"_links":{"self":[{"href":"https:\/\/kristibam.lv\/lv\/wp-json\/wp\/v2\/product\/4550"}],"collection":[{"href":"https:\/\/kristibam.lv\/lv\/wp-json\/wp\/v2\/product"}],"about":[{"href":"https:\/\/kristibam.lv\/lv\/wp-json\/wp\/v2\/types\/product"}],"wp:featuredmedia":[{"embeddable":true,"href":"https:\/\/kristibam.lv\/lv\/wp-json\/wp\/v2\/media\/4552"}],"wp:attachment":[{"href":"https:\/\/kristibam.lv\/lv\/wp-json\/wp\/v2\/media?parent=4550"}],"wp:term":[{"taxonomy":"product_cat","embeddable":true,"href":"https:\/\/kristibam.lv\/lv\/wp-json\/wp\/v2\/product_cat?post=4550"},{"taxonomy":"product_tag","embeddable":true,"href":"https:\/\/kristibam.lv\/lv\/wp-json\/wp\/v2\/product_tag?post=4550"}],"curies":[{"name":"wp","href":"https:\/\/api.w.org\/{rel}","templated":true}]}}