{"id":4548,"date":"2021-02-22T18:32:59","date_gmt":"2021-02-22T18:32:59","guid":{"rendered":"https:\/\/kristibam.lv\/lv\/?post_type=product&#038;p=4548"},"modified":"2022-07-02T19:59:42","modified_gmt":"2022-07-02T19:59:42","slug":"dvielitis-ar-engeliem","status":"publish","type":"product","link":"https:\/\/kristibam.lv\/lv\/produkts\/dvielitis-ar-engeliem\/","title":{"rendered":"Dviel\u012btis ar en\u0123e\u013ciem"},"content":{"rendered":"<p>Personaliz\u0113ts krist\u012bbu dviel\u012btis ar en\u0123e\u013ciem. <\/p>\n<p>izm\u0113rs: 50 * 70 cm<br \/>\naudumu un iz\u0161uvuma kr\u0101su ir iesp\u0113jams main\u012bt.<\/p>\n<p>izgatavo\u0161anas laiks 5-7 dienas<\/p>\n<p><\/p>","protected":false},"excerpt":{"rendered":"<p>Personaliz\u0113ts krist\u012bbu dviel\u012btis ar en\u0123e\u013ciem. Lieliska d\u0101vana un aksesu\u0101rs.<\/p>\n","protected":false},"featured_media":4984,"template":"","meta":[],"product_cat":[336,350],"product_tag":[358,359,386,384],"_links":{"self":[{"href":"https:\/\/kristibam.lv\/lv\/wp-json\/wp\/v2\/product\/4548"}],"collection":[{"href":"https:\/\/kristibam.lv\/lv\/wp-json\/wp\/v2\/product"}],"about":[{"href":"https:\/\/kristibam.lv\/lv\/wp-json\/wp\/v2\/types\/product"}],"wp:featuredmedia":[{"embeddable":true,"href":"https:\/\/kristibam.lv\/lv\/wp-json\/wp\/v2\/media\/4984"}],"wp:attachment":[{"href":"https:\/\/kristibam.lv\/lv\/wp-json\/wp\/v2\/media?parent=4548"}],"wp:term":[{"taxonomy":"product_cat","embeddable":true,"href":"https:\/\/kristibam.lv\/lv\/wp-json\/wp\/v2\/product_cat?post=4548"},{"taxonomy":"product_tag","embeddable":true,"href":"https:\/\/kristibam.lv\/lv\/wp-json\/wp\/v2\/product_tag?post=4548"}],"curies":[{"name":"wp","href":"https:\/\/api.w.org\/{rel}","templated":true}]}}