{"id":4540,"date":"2021-02-22T18:14:12","date_gmt":"2021-02-22T18:14:12","guid":{"rendered":"https:\/\/kristibam.lv\/lv\/?post_type=product&#038;p=4540"},"modified":"2022-07-02T19:33:54","modified_gmt":"2022-07-02T19:33:54","slug":"dvielitis-kristibu-diena","status":"publish","type":"product","link":"https:\/\/kristibam.lv\/lv\/produkts\/dvielitis-kristibu-diena\/","title":{"rendered":"Dviel\u012btis- Krist\u012bbu diena"},"content":{"rendered":"<p>Kokvilnas auduma dviel\u012btis ar iz\u0161uvumu. Lieliska d\u0101vana krist\u012bb\u0101m. Nor\u0101d\u012bts b\u0113rna v\u0101rds un krist\u012bbu datums.<\/p>\n<p>izm\u0113rs 30*40cm<br \/>\niz\u0161uvuma kr\u0101su ir iesp\u0113jams main\u012bt<\/p>\n<p>izgatavo\u0161anas laiks 5-7 dienas<br \/>\n<\/p>","protected":false},"excerpt":{"rendered":"<p>Lieliska d\u0101vana krist\u012bb\u0101m. Dviel\u012btis ar b\u0113rna v\u0101rdu un krist\u012bbu datums.<\/p>\n","protected":false},"featured_media":4541,"template":"","meta":[],"product_cat":[336,350],"product_tag":[358,359,386,384],"_links":{"self":[{"href":"https:\/\/kristibam.lv\/lv\/wp-json\/wp\/v2\/product\/4540"}],"collection":[{"href":"https:\/\/kristibam.lv\/lv\/wp-json\/wp\/v2\/product"}],"about":[{"href":"https:\/\/kristibam.lv\/lv\/wp-json\/wp\/v2\/types\/product"}],"wp:featuredmedia":[{"embeddable":true,"href":"https:\/\/kristibam.lv\/lv\/wp-json\/wp\/v2\/media\/4541"}],"wp:attachment":[{"href":"https:\/\/kristibam.lv\/lv\/wp-json\/wp\/v2\/media?parent=4540"}],"wp:term":[{"taxonomy":"product_cat","embeddable":true,"href":"https:\/\/kristibam.lv\/lv\/wp-json\/wp\/v2\/product_cat?post=4540"},{"taxonomy":"product_tag","embeddable":true,"href":"https:\/\/kristibam.lv\/lv\/wp-json\/wp\/v2\/product_tag?post=4540"}],"curies":[{"name":"wp","href":"https:\/\/api.w.org\/{rel}","templated":true}]}}