{"id":4538,"date":"2021-02-22T17:56:45","date_gmt":"2021-02-22T17:56:45","guid":{"rendered":"https:\/\/kristibam.lv\/lv\/?post_type=product&#038;p=4538"},"modified":"2022-07-02T19:40:11","modified_gmt":"2022-07-02T19:40:11","slug":"dekorativs-kristibu-dvielitis","status":"publish","type":"product","link":"https:\/\/kristibam.lv\/lv\/produkts\/dekorativs-kristibu-dvielitis\/","title":{"rendered":"Dekorat\u012bvs Krist\u012bbu dviel\u012btis"},"content":{"rendered":"<p>Atlasa un kokvilnas auduma dviel\u012btis ar iz\u0161uvumu.<\/p>\n<p>izm\u0113rs: 35*35cm<br \/>\niz\u0161uvuma kr\u0101su ir iesp\u0113jams main\u012bt<\/p>\n<p>Izgatavo\u0161anas laiks 1-3 dienas<\/p>\n<p><\/p>","protected":false},"excerpt":{"rendered":"<p>Atlasa un kokvilnas auduma dviel\u012btis ar krusti\u0146u.<\/p>\n","protected":false},"featured_media":4539,"template":"","meta":[],"product_cat":[336,350],"product_tag":[358,359,386,384],"_links":{"self":[{"href":"https:\/\/kristibam.lv\/lv\/wp-json\/wp\/v2\/product\/4538"}],"collection":[{"href":"https:\/\/kristibam.lv\/lv\/wp-json\/wp\/v2\/product"}],"about":[{"href":"https:\/\/kristibam.lv\/lv\/wp-json\/wp\/v2\/types\/product"}],"wp:featuredmedia":[{"embeddable":true,"href":"https:\/\/kristibam.lv\/lv\/wp-json\/wp\/v2\/media\/4539"}],"wp:attachment":[{"href":"https:\/\/kristibam.lv\/lv\/wp-json\/wp\/v2\/media?parent=4538"}],"wp:term":[{"taxonomy":"product_cat","embeddable":true,"href":"https:\/\/kristibam.lv\/lv\/wp-json\/wp\/v2\/product_cat?post=4538"},{"taxonomy":"product_tag","embeddable":true,"href":"https:\/\/kristibam.lv\/lv\/wp-json\/wp\/v2\/product_tag?post=4538"}],"curies":[{"name":"wp","href":"https:\/\/api.w.org\/{rel}","templated":true}]}}