{"id":4536,"date":"2021-02-22T17:45:24","date_gmt":"2021-02-22T17:45:24","guid":{"rendered":"https:\/\/kristibam.lv\/lv\/?post_type=product&#038;p=4536"},"modified":"2022-07-02T19:45:16","modified_gmt":"2022-07-02T19:45:16","slug":"kristibu-lina-dvielitis","status":"publish","type":"product","link":"https:\/\/kristibam.lv\/lv\/produkts\/kristibu-lina-dvielitis\/","title":{"rendered":"Krist\u012bbu lina dviel\u012btis"},"content":{"rendered":"<p>Kokvilnas auduma dviel\u012btis ar iz\u0161uvumu.<\/p>\n<p> izm\u0113rs: 35*35cm<br \/>\n iz\u0161uvuma kr\u0101su ir iesp\u0113jams main\u012bt<\/p>\n<p>izgatavo\u0161anas laiks 1-3 dienas<\/p>\n<p><\/p>","protected":false},"excerpt":{"rendered":"<p>Kokvilnas auduma dviel\u012btis ar iz\u0161\u016btu krusta z\u012bmi un dekorat\u012bv\u0101m st\u012bg\u0101m.<\/p>\n","protected":false},"featured_media":4533,"template":"","meta":[],"product_cat":[336,350],"product_tag":[358,359,386,384],"_links":{"self":[{"href":"https:\/\/kristibam.lv\/lv\/wp-json\/wp\/v2\/product\/4536"}],"collection":[{"href":"https:\/\/kristibam.lv\/lv\/wp-json\/wp\/v2\/product"}],"about":[{"href":"https:\/\/kristibam.lv\/lv\/wp-json\/wp\/v2\/types\/product"}],"wp:featuredmedia":[{"embeddable":true,"href":"https:\/\/kristibam.lv\/lv\/wp-json\/wp\/v2\/media\/4533"}],"wp:attachment":[{"href":"https:\/\/kristibam.lv\/lv\/wp-json\/wp\/v2\/media?parent=4536"}],"wp:term":[{"taxonomy":"product_cat","embeddable":true,"href":"https:\/\/kristibam.lv\/lv\/wp-json\/wp\/v2\/product_cat?post=4536"},{"taxonomy":"product_tag","embeddable":true,"href":"https:\/\/kristibam.lv\/lv\/wp-json\/wp\/v2\/product_tag?post=4536"}],"curies":[{"name":"wp","href":"https:\/\/api.w.org\/{rel}","templated":true}]}}