{"id":4535,"date":"2021-02-22T17:18:53","date_gmt":"2021-02-22T17:18:53","guid":{"rendered":"https:\/\/kristibam.lv\/lv\/?post_type=product&#038;p=4535"},"modified":"2022-07-02T19:58:18","modified_gmt":"2022-07-02T19:58:18","slug":"kristibu-dvielitis-ar-velejumu","status":"publish","type":"product","link":"https:\/\/kristibam.lv\/lv\/produkts\/kristibu-dvielitis-ar-velejumu\/","title":{"rendered":"Krist\u012bbu dviel\u012btis ar v\u0113l\u0113jumu"},"content":{"rendered":"<p>Kokvilnas auduma dviel\u012btis ar iz\u0161uvumu.<\/p>\n<p>izm\u0113rs: 35*35 cm<br \/>\niz\u0161uvuma kr\u0101su ir iesp\u0113jams main\u012bt<\/p>\n<p>izgatavo\u0161anas laiks 5-7 dienas<\/p>\n<p><\/p>","protected":false},"excerpt":{"rendered":"<p>Kokvilnas auduma dviel\u012btis krist\u012bb\u0101m ar iz\u0161uvumu.<\/p>\n","protected":false},"featured_media":4382,"template":"","meta":[],"product_cat":[336,350],"product_tag":[358,359,386],"_links":{"self":[{"href":"https:\/\/kristibam.lv\/lv\/wp-json\/wp\/v2\/product\/4535"}],"collection":[{"href":"https:\/\/kristibam.lv\/lv\/wp-json\/wp\/v2\/product"}],"about":[{"href":"https:\/\/kristibam.lv\/lv\/wp-json\/wp\/v2\/types\/product"}],"wp:featuredmedia":[{"embeddable":true,"href":"https:\/\/kristibam.lv\/lv\/wp-json\/wp\/v2\/media\/4382"}],"wp:attachment":[{"href":"https:\/\/kristibam.lv\/lv\/wp-json\/wp\/v2\/media?parent=4535"}],"wp:term":[{"taxonomy":"product_cat","embeddable":true,"href":"https:\/\/kristibam.lv\/lv\/wp-json\/wp\/v2\/product_cat?post=4535"},{"taxonomy":"product_tag","embeddable":true,"href":"https:\/\/kristibam.lv\/lv\/wp-json\/wp\/v2\/product_tag?post=4535"}],"curies":[{"name":"wp","href":"https:\/\/api.w.org\/{rel}","templated":true}]}}