{"id":4529,"date":"2020-05-19T19:49:30","date_gmt":"2020-05-19T19:49:30","guid":{"rendered":"https:\/\/kristibam.lv\/lv\/?post_type=product&#038;p=4529"},"modified":"2022-07-02T20:01:24","modified_gmt":"2022-07-02T20:01:24","slug":"kokvilnas-dvielitis-kristibu-diena","status":"publish","type":"product","link":"https:\/\/kristibam.lv\/lv\/produkts\/kokvilnas-dvielitis-kristibu-diena\/","title":{"rendered":"Kokvilnas dviel\u012btis &#8211; Krist\u012bbu diena"},"content":{"rendered":"<p>Kokvilnas auduma dviel\u012btis ar iz\u0161uvumu. <\/p>\n<p> izm\u0113rs: 75*75 cm<br \/>\n iz\u0161uvuma kr\u0101su ir iesp\u0113jams main\u012bt<\/p>\n<p>izgatavo\u0161anas laiks 5-7 dienas<\/p>\n<p><\/p>","protected":false},"excerpt":{"rendered":"<p>Kokvilnas auduma dviel\u012btis ar iz\u0161uvumu.<\/p>\n","protected":false},"featured_media":5368,"template":"","meta":[],"product_cat":[336,350],"product_tag":[358,359,386],"_links":{"self":[{"href":"https:\/\/kristibam.lv\/lv\/wp-json\/wp\/v2\/product\/4529"}],"collection":[{"href":"https:\/\/kristibam.lv\/lv\/wp-json\/wp\/v2\/product"}],"about":[{"href":"https:\/\/kristibam.lv\/lv\/wp-json\/wp\/v2\/types\/product"}],"wp:featuredmedia":[{"embeddable":true,"href":"https:\/\/kristibam.lv\/lv\/wp-json\/wp\/v2\/media\/5368"}],"wp:attachment":[{"href":"https:\/\/kristibam.lv\/lv\/wp-json\/wp\/v2\/media?parent=4529"}],"wp:term":[{"taxonomy":"product_cat","embeddable":true,"href":"https:\/\/kristibam.lv\/lv\/wp-json\/wp\/v2\/product_cat?post=4529"},{"taxonomy":"product_tag","embeddable":true,"href":"https:\/\/kristibam.lv\/lv\/wp-json\/wp\/v2\/product_tag?post=4529"}],"curies":[{"name":"wp","href":"https:\/\/api.w.org\/{rel}","templated":true}]}}