{"id":4526,"date":"2020-05-19T19:29:07","date_gmt":"2020-05-19T19:29:07","guid":{"rendered":"https:\/\/kristibam.lv\/lv\/?post_type=product&#038;p=4526"},"modified":"2021-03-05T17:38:16","modified_gmt":"2021-03-05T17:38:16","slug":"garais-kristibu-krekls","status":"publish","type":"product","link":"https:\/\/kristibam.lv\/lv\/produkts\/garais-kristibu-krekls\/","title":{"rendered":"Garais krist\u012bbu krekls"},"content":{"rendered":"<p>Garais krist\u012bbu krekls un priek\u0161auti\u0146\u0161.<\/p>\n<p>Krekla garums 70cm<\/p>\n<p>Izmantotie materi\u0101li:<\/p>\n<ul>\n<li>atlass<\/li>\n<li>me\u017e\u0123\u012bnes<\/li>\n<li>iz\u0161uvums (kr\u0101su iesp\u0113jams main\u012bt)<\/li>\n<\/ul>\n<p>Izgatavo\u0161anas laiks 5-10 dienas<\/p>","protected":false},"excerpt":{"rendered":"<p>Garais krist\u012bbu krekls un priek\u0161auti\u0146\u0161 no atlasa ar iz\u0161uvumu.<\/p>\n","protected":false},"featured_media":4528,"template":"","meta":[],"product_cat":[338,334],"product_tag":[361,386,362],"_links":{"self":[{"href":"https:\/\/kristibam.lv\/lv\/wp-json\/wp\/v2\/product\/4526"}],"collection":[{"href":"https:\/\/kristibam.lv\/lv\/wp-json\/wp\/v2\/product"}],"about":[{"href":"https:\/\/kristibam.lv\/lv\/wp-json\/wp\/v2\/types\/product"}],"wp:featuredmedia":[{"embeddable":true,"href":"https:\/\/kristibam.lv\/lv\/wp-json\/wp\/v2\/media\/4528"}],"wp:attachment":[{"href":"https:\/\/kristibam.lv\/lv\/wp-json\/wp\/v2\/media?parent=4526"}],"wp:term":[{"taxonomy":"product_cat","embeddable":true,"href":"https:\/\/kristibam.lv\/lv\/wp-json\/wp\/v2\/product_cat?post=4526"},{"taxonomy":"product_tag","embeddable":true,"href":"https:\/\/kristibam.lv\/lv\/wp-json\/wp\/v2\/product_tag?post=4526"}],"curies":[{"name":"wp","href":"https:\/\/api.w.org\/{rel}","templated":true}]}}