{"id":4523,"date":"2020-05-19T19:14:59","date_gmt":"2020-05-19T19:14:59","guid":{"rendered":"https:\/\/kristibam.lv\/lv\/?post_type=product&#038;p=4523"},"modified":"2022-02-13T13:14:59","modified_gmt":"2022-02-13T13:14:59","slug":"kostims-no-kokvilnas","status":"publish","type":"product","link":"https:\/\/kristibam.lv\/lv\/produkts\/kristibu-kostims-no-kokvilnas\/","title":{"rendered":"Krist\u012bbu kost\u012bms no kokvilnas"},"content":{"rendered":"<p>Krist\u012bbu kost\u012bms no kokvilnas<\/p>\n<p>Izmantotie materi\u0101li:<\/p>\n<p>100% kokvilna<br \/>\nkokvilnas me\u017e\u0123\u012bnes<\/p>\n<p>Izgatavo\u0161anas laiks 5-10 dienas<br \/>\n! Pas\u016bti savu izm\u0113ru !<\/p>","protected":false},"excerpt":{"rendered":"<p>!Pas\u016bti sev vajadz\u012bgo izm\u0113ru! Ap\u0123\u0113rbs tiks izgatavots individu\u0101li p\u0113c J\u016bsu b\u0113rna izm\u0113riem. Krist\u012bbu kost\u012bms no kokvilnas.<\/p>\n","protected":false},"featured_media":5118,"template":"","meta":[],"product_cat":[337,334],"product_tag":[361,386,378,379],"_links":{"self":[{"href":"https:\/\/kristibam.lv\/lv\/wp-json\/wp\/v2\/product\/4523"}],"collection":[{"href":"https:\/\/kristibam.lv\/lv\/wp-json\/wp\/v2\/product"}],"about":[{"href":"https:\/\/kristibam.lv\/lv\/wp-json\/wp\/v2\/types\/product"}],"wp:featuredmedia":[{"embeddable":true,"href":"https:\/\/kristibam.lv\/lv\/wp-json\/wp\/v2\/media\/5118"}],"wp:attachment":[{"href":"https:\/\/kristibam.lv\/lv\/wp-json\/wp\/v2\/media?parent=4523"}],"wp:term":[{"taxonomy":"product_cat","embeddable":true,"href":"https:\/\/kristibam.lv\/lv\/wp-json\/wp\/v2\/product_cat?post=4523"},{"taxonomy":"product_tag","embeddable":true,"href":"https:\/\/kristibam.lv\/lv\/wp-json\/wp\/v2\/product_tag?post=4523"}],"curies":[{"name":"wp","href":"https:\/\/api.w.org\/{rel}","templated":true}]}}