{"id":5011,"date":"2021-07-13T10:40:10","date_gmt":"2021-07-13T10:40:10","guid":{"rendered":"https:\/\/kristibam.lv\/lv\/?page_id=5011"},"modified":"2021-07-13T10:40:10","modified_gmt":"2021-07-13T10:40:10","slug":"ka-pasutit","status":"publish","type":"page","link":"https:\/\/kristibam.lv\/lv\/ka-pasutit\/","title":{"rendered":"K\u0101 pas\u016bt\u012bt?"},"content":{"rendered":"<p><\/p>\n<p>[vc_row disable_element=&#8221;yes&#8221; css=&#8221;.vc_custom_1621274053257{margin-bottom: 60px !important;}&#8221;][vc_column css=&#8221;.vc_custom_1461928483555{padding-right: 97px !important;}&#8221;][vc_btn title=&#8221;Sazin\u0101ties ar mani&#8221; style=&#8221;classic&#8221; shape=&#8221;square&#8221; color=&#8221;black&#8221; link=&#8221;url:https%3A%2F%2Fkristibam.lv%2Flv%2Fkontakti%2F&#8221; css=&#8221;.vc_custom_1621270416711{margin-right: 10px !important;}&#8221;][vc_btn title=&#8221;Apskat\u012bt Produktus&#8221; style=&#8221;classic&#8221; shape=&#8221;square&#8221; color=&#8221;black&#8221; link=&#8221;url:https%3A%2F%2Fkristibam.lv%2Flv%2Fshop%2F&#8221;][\/vc_column][\/vc_row][vc_row css=&#8221;.vc_custom_1618912518786{padding-top: 55px !important;padding-bottom: 55px !important;}&#8221;][vc_column][header_specials el_title=&#8221;K\u0101 pas\u016bt\u012bt?&#8221; font_container=&#8221;tag:h2|font_size:26|text_align:center|line_height:1&#8243; google_fonts=&#8221;font_family:EB%20Garamond%3Aregular|font_style:400%20regular%3A400%3Anormal&#8221; text_align=&#8221;text-align:center&#8221; css=&#8221;.vc_custom_1621274287896{margin-bottom: 50px !important;}&#8221;][vc_column_text]<\/p>\n<p style=\"text-align: left;\"><strong>Nepiecie\u0161am\u0101 inform\u0101cija veicot pas\u016bt\u012bjumu:<\/strong><\/p>\n<ul>\n<li style=\"text-align: left;\">Mode\u013ca dizaina un materi\u0101lu saska\u0146o\u0161ana<\/li>\n<li style=\"text-align: left;\">T\u0113rps tiks \u0161\u016bts b\u0113rnam individu\u0101li un l\u012bdz ar to nepiecie\u0161ami konkr\u0113ti b\u0113rna izm\u0113ri. <u>L\u016bdzu veiciet \u0161os m\u0113r\u012bjumus<\/u><\/li>\n<li style=\"text-align: left;\">Tiekoties kl\u0101tien\u0113- modelis un materi\u0101li tiek saska\u0146oti tik\u0161anas reiz\u0113, k\u0101 ar\u012b veikti nepiecie\u0161amie m\u0113r\u012bjumi<\/li>\n<li style=\"text-align: left;\">Izgatavo\u0161anas termi\u0146\u0161 tiek saska\u0146ots ar katru individu\u0101li<\/li>\n<\/ul>\n<p>[\/vc_column_text][vc_row_inner][vc_column_inner width=&#8221;1\/2&#8243;][vc_single_image image=&#8221;4842&#8243; img_size=&#8221;full&#8221; alignment=&#8221;center&#8221;][\/vc_column_inner][vc_column_inner width=&#8221;1\/2&#8243;][vc_column_text css=&#8221;.vc_custom_1621274124416{margin-bottom: 60px !important;}&#8221;]<\/p>\n<ol>\n<li>Galvas izm\u0113rs (no pieres l\u012bdz pakausim)<\/li>\n<li>Rokas apk\u0101rtm\u0113rs<\/li>\n<li>\u0136erme\u0146a garums<\/li>\n<li>Rokas apk\u0101rtm\u0113rs<\/li>\n<li>K\u0101jas apk\u0101rtm\u0113rs<\/li>\n<li>P\u0113das garums<\/li>\n<li>Galvas apk\u0101rtm\u0113rs<\/li>\n<li>Pleca garuma<\/li>\n<li>Kr\u016b\u0161u apk\u0101rtm\u0113rs<\/li>\n<li>V\u0113dera apk\u0101rtm\u0113rs<\/li>\n<li>Rokas garums (no paduses)<\/li>\n<li>K\u0101jas iek\u0161\u0113jais garums<\/li>\n<li>K\u0101jas \u0101r\u0113jais garums<\/li>\n<\/ol>\n<p>&nbsp;<\/p>\n<p>B\u0113rna augums<\/p>\n<p>B\u0113rna vecums[\/vc_column_text][\/vc_column_inner][\/vc_row_inner][\/vc_column][\/vc_row]<\/p>\n<p><\/p>","protected":false},"excerpt":{"rendered":"<p>[vc_row disable_element=&#8221;yes&#8221; css=&#8221;.vc_custom_1621274053257{margin-bottom: 60px !important;}&#8221;][vc_column css=&#8221;.vc_custom_1461928483555{padding-right: 97px !important;}&#8221;][vc_btn title=&#8221;Sazin\u0101ties ar mani&#8221; style=&#8221;classic&#8221; shape=&#8221;square&#8221; color=&#8221;black&#8221; link=&#8221;url:https%3A%2F%2Fkristibam.lv%2Flv%2Fkontakti%2F&#8221; css=&#8221;.vc_custom_1621270416711{margin-right: 10px !important;}&#8221;][vc_btn title=&#8221;Apskat\u012bt Produktus&#8221; style=&#8221;classic&#8221; shape=&#8221;square&#8221; color=&#8221;black&#8221; link=&#8221;url:https%3A%2F%2Fkristibam.lv%2Flv%2Fshop%2F&#8221;][\/vc_column][\/vc_row][vc_row css=&#8221;.vc_custom_1618912518786{padding-top: 55px !important;padding-bottom: 55px !important;}&#8221;][vc_column][header_specials el_title=&#8221;K\u0101 pas\u016bt\u012bt?&#8221; font_container=&#8221;tag:h2|font_size:26|text_align:center|line_height:1&#8243; google_fonts=&#8221;font_family:EB%20Garamond%3Aregular|font_style:400%20regular%3A400%3Anormal&#8221; text_align=&#8221;text-align:center&#8221; css=&#8221;.vc_custom_1621274287896{margin-bottom: 50px !important;}&#8221;][vc_column_text] Nepiecie\u0161am\u0101 inform\u0101cija veicot pas\u016bt\u012bjumu: Mode\u013ca dizaina un materi\u0101lu saska\u0146o\u0161ana T\u0113rps tiks \u0161\u016bts b\u0113rnam individu\u0101li un l\u012bdz ar to [&hellip;]<\/p>\n","protected":false},"author":1,"featured_media":0,"parent":0,"menu_order":0,"comment_status":"closed","ping_status":"closed","template":"","meta":{"footnotes":""},"_links":{"self":[{"href":"https:\/\/kristibam.lv\/lv\/wp-json\/wp\/v2\/pages\/5011"}],"collection":[{"href":"https:\/\/kristibam.lv\/lv\/wp-json\/wp\/v2\/pages"}],"about":[{"href":"https:\/\/kristibam.lv\/lv\/wp-json\/wp\/v2\/types\/page"}],"author":[{"embeddable":true,"href":"https:\/\/kristibam.lv\/lv\/wp-json\/wp\/v2\/users\/1"}],"replies":[{"embeddable":true,"href":"https:\/\/kristibam.lv\/lv\/wp-json\/wp\/v2\/comments?post=5011"}],"version-history":[{"count":1,"href":"https:\/\/kristibam.lv\/lv\/wp-json\/wp\/v2\/pages\/5011\/revisions"}],"predecessor-version":[{"id":5012,"href":"https:\/\/kristibam.lv\/lv\/wp-json\/wp\/v2\/pages\/5011\/revisions\/5012"}],"wp:attachment":[{"href":"https:\/\/kristibam.lv\/lv\/wp-json\/wp\/v2\/media?parent=5011"}],"curies":[{"name":"wp","href":"https:\/\/api.w.org\/{rel}","templated":true}]}}