{"id":4796,"date":"2021-04-20T10:33:55","date_gmt":"2021-04-20T10:33:55","guid":{"rendered":"https:\/\/kristibam.lv\/lv\/?page_id=4796"},"modified":"2021-04-20T10:33:55","modified_gmt":"2021-04-20T10:33:55","slug":"privatuma-politika","status":"publish","type":"page","link":"https:\/\/kristibam.lv\/lv\/privatuma-politika\/","title":{"rendered":"Priv\u0101tuma Politika"},"content":{"rendered":"<p>[vc_row][vc_column][header_specials el_title=&#8221;PRIV\u0100TUMA POLITIKA&#8221; font_container=&#8221;tag:h2|font_size:26|text_align:center&#8221; google_fonts=&#8221;font_family:EB%20Garamond%3Aregular|font_style:400%20regular%3A400%3Anormal&#8221; text_align=&#8221;text-align:center&#8221; css=&#8221;.vc_custom_1618914387844{margin-bottom: 30px !important;}&#8221;][\/vc_column][\/vc_row][vc_row content_placement=&#8221;middle&#8221;][vc_column width=&#8221;1\/6&#8243;][\/vc_column][vc_column width=&#8221;2\/3&#8243; css=&#8221;.vc_custom_1459952902519{margin-bottom: 40px !important;}&#8221;][vc_column_text css=&#8221;.vc_custom_1618914343228{margin-bottom: 10px !important;}&#8221;]<\/p>\n<p style=\"text-align: center;\">\u0160ie priv\u0101tpersonas datu aizsardz\u012bbas noteikumi attiecas uz KRISTIBAM.LV m\u0101jas lapu.<\/p>\n<p>[\/vc_column_text][\/vc_column][vc_column width=&#8221;1\/6&#8243;][\/vc_column][\/vc_row][vc_row content_placement=&#8221;middle&#8221;][vc_column][vc_column_text css=&#8221;.vc_custom_1618914487153{margin-bottom: 10px !important;}&#8221;]\u0160\u012bs lapas apmekl\u0113\u0161ana noz\u012bm\u0113, ka J\u016bs piekr\u012btat \u0161iem priv\u0101tpersonas datu aizsardz\u012bbas noteikumiem. Aiga Fridrihsone, re\u0123istr\u0101cijas numurs: 23078012653, juridisk\u0101 adrese: R\u012bgas iela 55, Salaspils, LV-2121 (turpm\u0101k \u2013 KRISTIBAM.LV) ir uz\u0146\u0113musies pien\u0101kumu aizsarg\u0101t klientu priv\u0101tumu.<\/p>\n<p><strong> 1. Personas datu apstr\u0101des P\u0101rzinis:<\/strong> \u201cKRISTIBAM.LV\u201d, (turpm\u0101k tekst\u0101 \u2013 KRISTIBAM.LV), registr\u0101cijas numurs 23078012653, juridisk\u0101 adrese: R\u012bgas iela 55, Salspils, LV-2121 m\u0101jaslapas adrese: <a href=\"http:\/\/www.kristibam.lv\">www.kristibam.lv<\/a>.<\/p>\n<p><strong>2. Priv\u0101tuma politika<\/strong> sniedz inform\u0101ciju par to, k\u0101 KRISTIBAM.LV v\u0101c, apstr\u0101d\u0101, glab\u0101, kop\u012bgo, dz\u0113\u0161 un aizsarg\u0101 Klienta personas datus, t\u0101d\u0113j\u0101di nodro\u0161inot, ka Klienta personas dati tiek apstr\u0101d\u0101ti likum\u012bgi, godpr\u0101t\u012bgi un Klientam p\u0101rredzam\u0101 veid\u0101. Aktu\u0101l\u0101 priv\u0101tuma politikas versija tiek public\u0113ta KRISTIBAM.LV m\u0101jas lap\u0101 www. kristibam.lv, sada\u013c\u0101 Priv\u0101tuma politika.<\/p>\n<p><strong>3. Piem\u0113rojamie ties\u012bbu akti:<\/strong> Eiropas Parlamenta un padomes Regula Nr.2016\/679 par fizisku personu aizsardz\u012bbu attiec\u012bb\u0101 uz personas datu apstr\u0101di un \u0161\u0101du datu br\u012bvu apriti (2016. gada 27.apr\u012blis).<\/p>\n<p><strong>4. KRISTIBAM.LV ir ties\u012bga apstr\u0101d\u0101t \u0161\u0101dus personu datus: <\/strong><\/p>\n<ol>\n<li>Sniedzot kontaktinform\u0101ciju (v\u0101rds, uzv\u0101rds, personas kods, pieg\u0101des adrese, deklar\u0113t\u0101s dz\u012bvesvietas adrese, telefona numurs un e-pasta adrese) m\u016bsu m\u0101jas lap\u0101 vai biroj\u0101;<\/li>\n<li>Komunik\u0101cijas dati \u2013 e-pasts, v\u0113stule vai telefona numurs, \u2013 saist\u012bti ar Klienta komunik\u0101ciju ar KRISTIBAM.LV;<\/li>\n<li>Klienta IP adreses inform\u0101cija, vai izmantojot s\u012bkdatnes.<\/li>\n<\/ol>\n<p><strong> 5. Klienta personas datu apstr\u0101des pamats<\/strong>:<\/p>\n<ol>\n<li>Klienta piekri\u0161ana \u2013 Klients, k\u0101 personas datu subjekts, pats dod piekri\u0161anu personas datu v\u0101k\u0161anai un apstr\u0101dei noteiktiem m\u0113r\u0137iem<\/li>\n<li>Klientu pas\u016bt\u012bjumu izpilde un dar\u012bjuma noform\u0113\u0161ana \u2013 lai KRISTIBAM.LV var\u0113tu izpild\u012bt klienta pas\u016bt\u012bjumu, tai j\u0101apkopo un j\u0101apstr\u0101d\u0101 noteikti personas dati, kas tiek sav\u0101kti pas\u016bt\u012bjuma sagatavo\u0161anas laik\u0101 vai pirms t\u0101s.<\/li>\n<li>LV likum\u012bg\u0101s intereses &#8211; ties\u012bbas apstr\u0101d\u0101t Klienta personas datus t\u0101d\u0101 apjom\u0101, k\u0101d\u0101 tas ir objekt\u012bvi nepiecie\u0161ams.<\/li>\n<\/ol>\n<p><strong>6. KRISTIBAM.LV ieg\u016bst Klienta personas datus, kad Klients: <\/strong><\/p>\n<ol>\n<li>Ieg\u0101d\u0101jas produktus vai pakalpojumus KRISTIBAM.LV darbn\u012bc\u0101 vai interneta veikal\u0101, veicot Klienta identifik\u0101ciju;<\/li>\n<li>Jaut\u0101 produktu vai pakalpojumu pied\u0101v\u0101jumu vai sazin\u0101s ar KRISTIBAM.LV saist\u012bb\u0101 ar s\u016bdz\u012bbu vai inform\u0101cijas piepras\u012b\u0161anu, identific\u0113jot Klientu;<\/li>\n<li>Piedal\u0101s konkursos, loterij\u0101s vai aptauj\u0101s;<\/li>\n<li>Tiek film\u0113ts ar KRISTIBAM.LV videonov\u0113ro\u0161anas iek\u0101rt\u0101m KRISTIBAM.LV biroj\u0101.<\/li>\n<\/ol>\n<p><strong>7. Klienta personas datu nodo\u0161ana tre\u0161aj\u0101m pus\u0113m <\/strong><\/p>\n<ol>\n<li>Pre\u010du pieg\u0101dei \u2013 v\u0101rds, uzv\u0101rds, e-pasts, telefona nr., pieg\u0101des adrese.<\/li>\n<li>LV ir pien\u0101kums sniegt inform\u0101ciju par personas datiem ties\u012bbsarg\u0101jo\u0161\u0101m iest\u0101d\u0113m, tiesai vai cit\u0101m valsts un pa\u0161vald\u012bbas iest\u0101d\u0113m, ja tas izriet no normat\u012bvajiem aktiem vai attiec\u012bg\u0101s iest\u0101des inform\u0101cijas piepras\u012bjuma.<\/li>\n<li>LV izsniegs Klienta personas datus tikai nepiecie\u0161am\u0101 un pietiekam\u0101 apjom\u0101 atbilsto\u0161i normat\u012bvo aktu pras\u012bb\u0101m un konkr\u0113t\u0101s situ\u0101cijas objekt\u012bviem apst\u0101k\u013ciem.<\/li>\n<\/ol>\n<p><strong>8. Datu dro\u0161\u012bba un datu labo\u0161ana <\/strong><\/p>\n<ol>\n<li>Visi klientu personas dati, kas k\u013cuvu\u0161i zin\u0101mi KRISTIBAM.LV m\u0101jaslap\u0101 vai biroja apmekl\u0113juma laik\u0101, ir uzskat\u0101mi par konfidenci\u0101lu inform\u0101ciju. KRISTIBAM.LV veic visus iesp\u0113jamos dro\u0161\u012bbas pas\u0101kumus (administrat\u012bvos, tehniskos un fiziskos), lai aizsarg\u0101tu klientu personas datus.<\/li>\n<li>lv neuz\u0146emas atbild\u012bbu par jebk\u0101du nesankcion\u0113tu piek\u013cuvi personas datiem un\/ vai personas datu zudumu, ja tas nav atkar\u012bgs no KRISTIBAM.LV piem\u0113ram, Klienta vainas un\/ vai nolaid\u012bbas d\u0113\u013c.<\/li>\n<\/ol>\n<p>[\/vc_column_text][\/vc_column][\/vc_row][vc_row full_width=&#8221;stretch_row&#8221; equal_height=&#8221;yes&#8221; content_placement=&#8221;middle&#8221; css=&#8221;.vc_custom_1618857914432{padding-top: 55px !important;padding-bottom: 55px !important;background-color: #f9f9f8 !important;background-position: center !important;background-repeat: no-repeat !important;background-size: contain !important;}&#8221;][vc_column width=&#8221;1\/6&#8243;][\/vc_column][vc_column width=&#8221;2\/3&#8243; css=&#8221;.vc_custom_1459934179836{margin-bottom: 40px !important;}&#8221;]\n<div class=\"wpcf7 no-js\" id=\"wpcf7-f2146-o1\" lang=\"en-US\" dir=\"ltr\">\n<div class=\"screen-reader-response\"><p role=\"status\" aria-live=\"polite\" aria-atomic=\"true\"><\/p> <ul><\/ul><\/div>\n<form action=\"\/lv\/wp-json\/wp\/v2\/pages\/4796#wpcf7-f2146-o1\" method=\"post\" class=\"wpcf7-form init\" aria-label=\"Contact form\" novalidate=\"novalidate\" data-status=\"init\">\n<div style=\"display: none;\">\n<input type=\"hidden\" name=\"_wpcf7\" value=\"2146\" \/>\n<input type=\"hidden\" name=\"_wpcf7_version\" value=\"5.9.8\" \/>\n<input type=\"hidden\" name=\"_wpcf7_locale\" value=\"en_US\" \/>\n<input type=\"hidden\" name=\"_wpcf7_unit_tag\" value=\"wpcf7-f2146-o1\" \/>\n<input type=\"hidden\" name=\"_wpcf7_container_post\" value=\"0\" \/>\n<input type=\"hidden\" name=\"_wpcf7_posted_data_hash\" value=\"\" \/>\n<input type=\"hidden\" name=\"_wpcf7_recaptcha_response\" value=\"\" \/>\n<\/div>\n<h3 style=\"text-align:center; margin-bottom:30px;\">UZRAKSTI MUMS\n<\/h3>\n<p style=\"text-align:center; margin-bottom:35px; color:#7e7974;\">Ja jums ir k\u0101ds jaut\u0101jums, uzdodiet to ar zem\u0101k redzamo kontaktformu.<br \/>\nL\u016bdzu, aizpildiet zem\u0101k eso\u0161o veidlapu, un m\u0113s sazin\u0101simies 72 stundu laik\u0101.\n<\/p>\n<div class=\"row\">\n\t<div class=\"col-md-6\">\n\t\t<p><label>V\u0101rds<span class='required'>*<\/span><\/label>\n\t\t<\/p>\n\t\t<p><span class=\"wpcf7-form-control-wrap\" data-name=\"your-name\"><input size=\"40\" maxlength=\"400\" class=\"wpcf7-form-control wpcf7-text wpcf7-validates-as-required\" aria-required=\"true\" aria-invalid=\"false\" value=\"\" type=\"text\" name=\"your-name\" \/><\/span>\n\t\t<\/p>\n\t<\/div>\n\t<div class=\"col-md-6\">\n\t\t<p><label>Uzv\u0101rds<span class='required'>*<\/span><\/label>\n\t\t<\/p>\n\t\t<p><span class=\"wpcf7-form-control-wrap\" data-name=\"your-surname\"><input size=\"40\" maxlength=\"400\" class=\"wpcf7-form-control wpcf7-text wpcf7-validates-as-required\" aria-required=\"true\" aria-invalid=\"false\" value=\"\" type=\"text\" name=\"your-surname\" \/><\/span>\n\t\t<\/p>\n\t<\/div>\n\t<div class=\"col-md-6\">\n\t\t<p><label>T\u0101lru\u0146a Numurs<span class='required'>*<\/span><\/label>\n\t\t<\/p>\n\t\t<p><span class=\"wpcf7-form-control-wrap\" data-name=\"your-phone\"><input size=\"40\" maxlength=\"400\" class=\"wpcf7-form-control wpcf7-tel wpcf7-validates-as-required wpcf7-text wpcf7-validates-as-tel\" aria-required=\"true\" aria-invalid=\"false\" value=\"\" type=\"tel\" name=\"your-phone\" \/><\/span>\n\t\t<\/p>\n\t<\/div>\n\t<div class=\"col-md-6\">\n\t\t<p><label>E-pasta adrese<span class='required'>*<\/span><\/label>\n\t\t<\/p>\n\t\t<p><span class=\"wpcf7-form-control-wrap\" data-name=\"your-email\"><input size=\"40\" maxlength=\"400\" class=\"wpcf7-form-control wpcf7-email wpcf7-validates-as-required wpcf7-text wpcf7-validates-as-email\" aria-required=\"true\" aria-invalid=\"false\" value=\"\" type=\"email\" name=\"your-email\" \/><\/span>\n\t\t<\/p>\n\t<\/div>\n\t<div class=\"col-md-12\">\n\t\t<p><label>Kur J\u016bs uzzin\u0101j\u0101t par mums?<span class='required'>*<\/span><\/label>\n\t\t<\/p>\n\t\t<p><span class=\"wpcf7-form-control-wrap\" data-name=\"your-refferer\"><select class=\"wpcf7-form-control wpcf7-select wpcf7-validates-as-required\" aria-required=\"true\" aria-invalid=\"false\" name=\"your-refferer\"><option value=\"\">&#8212;Please choose an option&#8212;<\/option><option value=\"Socialie t\u012bkli (Facebook, Instagram, cits.)\">Socialie t\u012bkli (Facebook, Instagram, cits.)<\/option><option value=\"Mekl\u0113\u0161anas platforma (Google, Bing)\">Mekl\u0113\u0161anas platforma (Google, Bing)<\/option><option value=\"\u017durn\u0101ls, Av\u012bze\">\u017durn\u0101ls, Av\u012bze<\/option><option value=\"No drauga\">No drauga<\/option><option value=\"Cits (l\u016bdzu, nor\u0101diet koment\u0101ru lauk\u0101)\">Cits (l\u016bdzu, nor\u0101diet koment\u0101ru lauk\u0101)<\/option><\/select><\/span>\n\t\t<\/p>\n\t<\/div>\n\t<div class=\"col-md-12\">\n\t\t<p><label>Zi\u0146ojums<\/label>\n\t\t<\/p>\n\t\t<p><span class=\"wpcf7-form-control-wrap\" data-name=\"your-message\"><textarea cols=\"40\" rows=\"10\" maxlength=\"2000\" class=\"wpcf7-form-control wpcf7-textarea\" aria-invalid=\"false\" placeholder=\"Uzrakstiet savu piepras\u012bjumu \u0161eit ...\" name=\"your-message\"><\/textarea><\/span>\n\t\t<\/p>\n\t<\/div>\n\t<div class=\"col-md-12\">\n\t\t<p><span class=\"wpcf7-form-control-wrap\" data-name=\"acceptance\"><span class=\"wpcf7-form-control wpcf7-acceptance\"><span class=\"wpcf7-list-item\"><label><input type=\"checkbox\" name=\"acceptance\" value=\"1\" aria-invalid=\"false\" \/><span class=\"wpcf7-list-item-label\">Es apstiprinu datu apstr\u0101di. <a href=\"\/lv\/noteikumi\/\" target=\"_blank\">Noteikumi<\/a>.<\/span><\/label><\/span><\/span><\/span>\n\t\t<\/p>\n\t<\/div>\n\t<div class=\"col-md-12\" style=\"text-align:center;\">\n\t\t<p class='wpcf7-submit'><input class=\"wpcf7-form-control wpcf7-submit has-spinner\" type=\"submit\" value=\"NOS\u016aT\u012aT\" \/>\n\t\t<\/p>\n\t<\/div>\n<\/div><div class=\"wpcf7-response-output\" aria-hidden=\"true\"><\/div>\n<\/form>\n<\/div>\n[\/vc_column][vc_column width=&#8221;1\/6&#8243;][\/vc_column][\/vc_row]<\/p>","protected":false},"excerpt":{"rendered":"<p>[vc_row][vc_column][header_specials el_title=&#8221;PRIV\u0100TUMA POLITIKA&#8221; font_container=&#8221;tag:h2|font_size:26|text_align:center&#8221; google_fonts=&#8221;font_family:EB%20Garamond%3Aregular|font_style:400%20regular%3A400%3Anormal&#8221; text_align=&#8221;text-align:center&#8221; css=&#8221;.vc_custom_1618914387844{margin-bottom: 30px !important;}&#8221;][\/vc_column][\/vc_row][vc_row content_placement=&#8221;middle&#8221;][vc_column width=&#8221;1\/6&#8243;][\/vc_column][vc_column width=&#8221;2\/3&#8243; css=&#8221;.vc_custom_1459952902519{margin-bottom: 40px !important;}&#8221;][vc_column_text css=&#8221;.vc_custom_1618914343228{margin-bottom: 10px !important;}&#8221;] \u0160ie priv\u0101tpersonas datu aizsardz\u012bbas noteikumi attiecas uz KRISTIBAM.LV m\u0101jas lapu. [\/vc_column_text][\/vc_column][vc_column width=&#8221;1\/6&#8243;][\/vc_column][\/vc_row][vc_row content_placement=&#8221;middle&#8221;][vc_column][vc_column_text css=&#8221;.vc_custom_1618914487153{margin-bottom: 10px !important;}&#8221;]\u0160\u012bs lapas apmekl\u0113\u0161ana noz\u012bm\u0113, ka J\u016bs piekr\u012btat \u0161iem priv\u0101tpersonas datu aizsardz\u012bbas noteikumiem. Aiga Fridrihsone, re\u0123istr\u0101cijas numurs: 23078012653, juridisk\u0101 adrese: R\u012bgas iela 55, [&hellip;]<\/p>\n","protected":false},"author":1,"featured_media":0,"parent":0,"menu_order":0,"comment_status":"closed","ping_status":"closed","template":"","meta":{"footnotes":""},"_links":{"self":[{"href":"https:\/\/kristibam.lv\/lv\/wp-json\/wp\/v2\/pages\/4796"}],"collection":[{"href":"https:\/\/kristibam.lv\/lv\/wp-json\/wp\/v2\/pages"}],"about":[{"href":"https:\/\/kristibam.lv\/lv\/wp-json\/wp\/v2\/types\/page"}],"author":[{"embeddable":true,"href":"https:\/\/kristibam.lv\/lv\/wp-json\/wp\/v2\/users\/1"}],"replies":[{"embeddable":true,"href":"https:\/\/kristibam.lv\/lv\/wp-json\/wp\/v2\/comments?post=4796"}],"version-history":[{"count":1,"href":"https:\/\/kristibam.lv\/lv\/wp-json\/wp\/v2\/pages\/4796\/revisions"}],"predecessor-version":[{"id":4798,"href":"https:\/\/kristibam.lv\/lv\/wp-json\/wp\/v2\/pages\/4796\/revisions\/4798"}],"wp:attachment":[{"href":"https:\/\/kristibam.lv\/lv\/wp-json\/wp\/v2\/media?parent=4796"}],"curies":[{"name":"wp","href":"https:\/\/api.w.org\/{rel}","templated":true}]}}