{"id":4788,"date":"2021-04-20T10:23:17","date_gmt":"2021-04-20T10:23:17","guid":{"rendered":"https:\/\/kristibam.lv\/lv\/?page_id=4788"},"modified":"2021-07-25T19:45:55","modified_gmt":"2021-07-25T19:45:55","slug":"noteikumi","status":"publish","type":"page","link":"https:\/\/kristibam.lv\/lv\/noteikumi\/","title":{"rendered":"Noteikumi"},"content":{"rendered":"<p>[vc_row][vc_column][header_specials el_title=&#8221;NOTEIKUMI&#8221; font_container=&#8221;tag:h2|font_size:26|text_align:center&#8221; google_fonts=&#8221;font_family:EB%20Garamond%3Aregular|font_style:400%20regular%3A400%3Anormal&#8221; text_align=&#8221;text-align:center&#8221; css=&#8221;.vc_custom_1618914567502{margin-bottom: 30px !important;}&#8221;][\/vc_column][\/vc_row][vc_row content_placement=&#8221;middle&#8221;][vc_column width=&#8221;1\/6&#8243;][\/vc_column][vc_column width=&#8221;2\/3&#8243; css=&#8221;.vc_custom_1459952902519{margin-bottom: 40px !important;}&#8221;][vc_column_text css=&#8221;.vc_custom_1618913812361{margin-bottom: 10px !important;}&#8221;]<\/p>\n<p style=\"text-align: center;\">Latvijas Republikas likumdo\u0161ana nosaka, ka interneta veikala \u012bpa\u0161niekam ir j\u0101atrun\u0101 pre\u010du pieg\u0101des un atgrie\u0161anas noteikumi, k\u0101 ar\u012b atteikuma ties\u012bbas. \u0160\u0101du atrunu sauc par distances l\u012bgumu (MK noteikumi).<\/p>\n<p>[\/vc_column_text][\/vc_column][vc_column width=&#8221;1\/6&#8243;][\/vc_column][\/vc_row][vc_row content_placement=&#8221;middle&#8221;][vc_column][vc_column_text css=&#8221;.vc_custom_1618915740536{margin-bottom: 10px !important;}&#8221;]<strong>1.\u00a0VISP\u0100R\u0112JA INFORM\u0100CIJA<\/strong><\/p>\n<p>Prieks par m\u016bsu satik\u0161anos\u00a0<a href=\"http:\/\/www.kristibam.lv\">www.kristibam.lv<\/a>\u00a0(turpm\u0101k tekst\u0101 \u201cm\u0101jaslapa\u201d)!<\/p>\n<p>Turpm\u0101kaj\u0101 tekst\u0101 esam centu\u0161ies apkopot visu Jums nepiecie\u0161amo inform\u0101ciju \u0113rt\u0101kai navig\u0101cijai Kristibam.lv ap\u0123\u0113rbu m\u0101jaslap\u0101, k\u0101 ar\u012b saprotam\u0101kai produkcijas pirkumu veik\u0161anai.<\/p>\n<p>L\u016bgums iepaz\u012bties ar visiem noteikumiem l\u012bdz pirkuma veik\u0161anas br\u012bdim, jo veicot pirkumu, J\u016bs apliecin\u0101t, ka ar tiem esat iepazinu\u0161ies un tiem piekr\u012btat.<\/p>\n<p>\u0160\u012bs m\u0101jaslapas \u012bpa\u0161nieks ir Aiga Fridrihsone (turpm\u0101k \u201cm\u0113s\u201d, \u201cm\u016bs\u201d), re\u0123istr\u0101cijas numurs 23078012653, faktisk\u0101 adrese ir R\u012bgas iela 55, Salaspils, LV &#8211; 2121, Latvija.<\/p>\n<p>Neskaidr\u012bbu gad\u012bjum\u0101 l\u016bgums sazin\u0101ties ar mums, izmantojot kontaktu formu vai rakstot epastu uz\u00a0info@kristibam.lv<\/p>\n<p>Ja vien nav nor\u0101d\u012bts cit\u0101di, viss saturs, kas public\u0113ts m\u0101jaslap\u0101 ir KRISTIBAM.LV priv\u0101t\u012bpa\u0161ums. Visas ties\u012bbas ir aizsarg\u0101tas.\u00a0Jebk\u0101das inform\u0101cijas p\u0101rpublic\u0113\u0161anas vai izmanto\u0161anas gad\u012bjum\u0101, ir j\u0101sl\u0113dz rakstiska vieno\u0161an\u0101s ar uz\u0146\u0113mumu.<\/p>\n<p><strong>2.\u00a0 INFORM\u0100CIJA PAR PIRKUMU<\/strong><\/p>\n<p>KRISTIBAM.LV e-veikala pirc\u0113jam j\u0101b\u016bt vismaz 18 gadus vecam.<\/p>\n<p>M\u016bsu nor\u0113\u0137ini notiek Eiro (EUR) val\u016bt\u0101.<\/p>\n<p><strong>3. PAS\u016aT\u012aJUMA VEIK\u0160ANA<\/strong><\/p>\n<p>Veicot pirkumu, r\u016bp\u012bgi p\u0101rbaudiet, vai pirkuma groz\u0101 izv\u0113l\u0113tais ap\u0123\u0113rba izm\u0113rs un skaits ir nor\u0101d\u012bts atbilsto\u0161i J\u016bsu vajadz\u012bb\u0101m.<\/p>\n<p>Da\u013ca no produkcijas, kas redzama www.kristibam.lv m\u0101jaslap\u0101, NAV pieejama uzreiz. Produkcija tiek \u0161\u016bta P\u0112C PAS\u016aT\u012aJUMA.<\/p>\n<p>P\u0113c maks\u0101juma sa\u0146em\u0161anas, preci izgatavojam 3-10 darba dienu laik\u0101, neskaitot ned\u0113\u013cas nogales, Latvijas Republikas Valsts sv\u0113tku dienas, k\u0101 ar\u012b pa\u0161u izsludin\u0101to atva\u013cin\u0101jumu laik\u0101.<\/p>\n<p>Produkcijai, kas PIEEJAMA UZREIZ kl\u0101t b\u016bs nor\u0101de \/IR noliktav\u0101\/. Produkcija, kas j\u0101pas\u016bta kl\u0101t b\u016bs nor\u0101de \/P\u0112C pas\u016bt\u012bjuma\/.<\/p>\n<p>Ja tom\u0113r p\u0113c pirkuma noform\u0113\u0161anas atkl\u0101jat, ka dati ievad\u012bti k\u013c\u016bdaini, nekav\u0113joties sazinieties ar mums pa t\u0101lruni +371 26389900 vai uz epastu\u00a0info@kristibam.lv, lai labotu radu\u0161os situ\u0101ciju.<\/p>\n<p>Izdarot pas\u016bt\u012bjumu Pirc\u0113js apstiprina, ka ir iepazinies ar preces sludin\u0101jum\u0101 nor\u0101d\u012bto inform\u0101ciju.<\/p>\n<p>Ja tom\u0113r radu\u0161ies k\u0101di jaut\u0101jumi, lai l\u012bdz galam izdar\u012btu izv\u0113li par labu k\u0101dam produktam, sazinieties ar mums iepriek\u0161 min\u0113taj\u0101 veid\u0101.<\/p>\n<p>Ja t\u0113rps ir nepiecie\u0161ams \u201cp\u0113d\u0113j\u0101 br\u012bd\u012b\u201d, tad l\u016bdzu saziniem ar mums. Vienm\u0113r var atrast risin\u0101jumu!<\/p>\n<p><strong>4. \u00a0PRE\u010cU APMAKSA<\/strong><\/p>\n<p>P\u0113c pas\u016bt\u012bjuma veik\u0161anas izv\u0113loties opciju SAMAKSA AR P\u0100RSKAIT\u012aJUMU, Pirc\u0113js sevis nor\u0101d\u012btaj\u0101 epast\u0101 sa\u0146em pirkuma apstiprin\u0101jumu, k\u0101 ar\u012b r\u0113\u0137inu, kur\u0101 nor\u0101d\u012bti visi nepiecie\u0161amie rekviz\u012bti p\u0113d\u0113jam pirkuma posmam \u2013 apmaksai.<\/p>\n<p>R\u0113\u0137ins ir sagatavots automatiz\u0113ti un ir der\u012bgs bez paraksta.<\/p>\n<p>Pirc\u0113js veic r\u0113\u0137ina apmaksu ar bankas p\u0101rskait\u012bjumu 2 darba dienu laik\u0101, sedzot ar to saist\u012bto maks\u0101juma komisijas maksu (ja t\u0101da tiek piem\u0113rota). Ja samaksa sa\u0146emta netiek, pirkuma rezerv\u0101cija tiek anul\u0113ta.<\/p>\n<p>Izv\u0113l\u0113t\u0101s preces izs\u016bt\u012b\u0161ana pa izv\u0113l\u0113to pieg\u0101des kan\u0101lu notiek tikai p\u0113c r\u0113\u0137ina apmaksas sa\u0146em\u0161anas.<\/p>\n<p>Pirkuma br\u012bd\u012b nor\u0101dot opciju &#8211; SAMAKSA UZ VIETAS, Pirc\u0113jam tiek dota iesp\u0113ja izv\u0113l\u0113ties sa\u0146emt preci KRISTIBAM.LV darbn\u012bc\u0101 Salaspil\u012b, R\u012bgas iel\u0101 55 (iepriek\u0161 vienojoties par sev \u0113rt\u0101ko laiku) un veikt apmaksu skaidr\u0101 naud\u0101. PRECES REZERV\u0100CIJA T\u0100S SA\u0145EM\u0160ANAI UZ VIETAS PAREDZ\u0112TA NE ILG\u0100K PAR 7 DARBA DIEN\u0100M NO PAS\u016aT\u012aJUMA VEIK\u0160ANAS BR\u012a\u017dA.<\/p>\n<p><strong>5.\u00a0INFORM\u0100CIJA PAR PIEG\u0100DI<\/strong><\/p>\n<p>P\u0101rdev\u0113js veic pas\u016bt\u012bjuma pieg\u0101di Pirc\u0113jam, atbilsto\u0161i Pirc\u0113ja izv\u0113l\u0113tajam pieg\u0101des veidam;<\/p>\n<p>Steidzamos gad\u012bjumos, ja Pirc\u0113jam nepiecie\u0161ama \u0101tr\u0101ka izs\u016bt\u012b\u0161ana \/ nodo\u0161ana, Pirc\u0113js par to inform\u0113 m\u016bs, lai vienotos par iesp\u0113j\u0101m veikt \u0101tr\u0101ku izs\u016bt\u012b\u0161anu \/ nodo\u0161anu;<\/p>\n<p>Pas\u016bt\u012bjumu nos\u016bt\u0101m uz pirkuma br\u012bd\u012b nor\u0101d\u012bto adresi (attiec\u012bgo pakom\u0101ta termin\u0101li, m\u0101jas adresi). Ja\u00a0neparedz\u0113tu apst\u0101k\u013cu\u00a0vai atva\u013cin\u0101juma d\u0113\u013c pieg\u0101de kav\u0113sies ilg\u0101k par iepriek\u0161 min\u0113to laiku, inform\u0113sim individu\u0101li.<\/p>\n<p>Liel\u0101koties pied\u0101v\u0101jam \u0161\u0101das opcijas: (s\u016btijuma cenas p\u0113c konkr\u0113t\u0101 pieg\u0101d\u0101t\u0101ja tarifa)<\/p>\n<ul>\n<li>Omniva &#8211; Latvij\u0101 <u>https:\/\/www.omniva.lv\/lav<\/u><\/li>\n<li>Latvijas Pasts (izs\u016bt\u0101m ar\u012b \u0101rpus Latvijas) <u>https:\/\/pasts.lv\/<\/u><\/li>\n<li>DPD Latvija paku skapis <u>https:\/\/www.dpd.com\/lv\/lv\/<\/u><\/li>\n<li>Pieg\u0101de Latvijas teritorij\u0101 izmantojot Express pasta starpniec\u012bbu <u>https:\/\/expresspasts.lv\/<\/u><\/li>\n<li>LV darbn\u012bc\u0101 Salaspil\u012b, R\u012bgas iel\u0101 55 &#8211; BEZ MAKSAS, iepriek\u0161 vienojoties par \u0113rt\u0101ko sa\u0146em\u0161anas laiku.<\/li>\n<\/ul>\n<p>Ta\u010du vajadz\u012bbas gad\u012bjum\u0101 varam nos\u016bt\u012bt ar\u012b ar k\u0101du citu kurjerdienestu p\u0113c savstarp\u0113jas vieno\u0161an\u0101s.<\/p>\n<p>M\u0113s neuz\u0146emamies atbild\u012bbu par pieg\u0101des kav\u0113\u0161anos, kas radusies J\u016bsu izv\u0113l\u0113t\u0101 pieg\u0101des pakalpojuma sniedz\u0113ja d\u0113\u013c.<\/p>\n<p><strong>6.\u00a0PIRKUMA ATGRIE\u0160ANA<\/strong><\/p>\n<p>M\u0113s \u013coti m\u012blam to, ko dar\u0101m, t\u0101p\u0113c cen\u0161amies sniegt Jums pa\u0161u lab\u0101ko, bet gad\u012bjum\u0101, ja b\u016bs radusies situ\u0101cija ar neapmierin\u0101t\u012bbu pirkuma jaut\u0101jum\u0101, Jums b\u016bs iesp\u0113ja to apmain\u012bt 14 dienu laik\u0101 p\u0113c sa\u0146em\u0161anas br\u012b\u017ea bez papildu maksas. Kristibam.lv pie\u0146em apmai\u0146ai preci, ja t\u0101 tiek atgriezta t\u012bra, nesaburz\u012bta un nesaboj\u0101ta. Ja v\u0113laties preci atgriezt, sazinieties ar mums, lai vienotos par deta\u013c\u0101m. Preci nepiecie\u0161ams nog\u0101d\u0101t Kristibam.lv darbn\u012bc\u0101 Salaspil\u012b, R\u012bgas iel\u0101 55<\/p>\n<p>Preces atgrie\u0161anas gad\u012bjum\u0101, veikto apmaksu iesp\u0113jams sa\u0146emt atpaka\u013c uz kontu, no kura maks\u0101jums sa\u0146emts, 14 darba dienu laik\u0101 no preces atgrie\u017eanas piepras\u012bjuma sa\u0146em\u0161anas br\u012b\u017ea). Atgrie\u0161anas izmaksas Pirc\u0113js sedz pats.<\/p>\n<p>Gad\u012bjum\u0101, ja Pirc\u0113js konstat\u0113jis pas\u016bt\u012bt\u0101s preces nepiln\u012bbas vai ra\u017eojuma br\u0101\u0137i, visas izmaksas par atgrie\u0161anu\/apmai\u0146u sedzam m\u0113s.<\/p>\n<p><strong>7.\u00a0KR\u0100SAS<\/strong><\/p>\n<p>Produktu kr\u0101sas dz\u012bv\u0113 var at\u0161\u0137irties no\u00a0<a href=\"http:\/\/www.kristibam.lv\">www.kristibam.lv<\/a>\u00a0foto att\u0113los redzamaj\u0101m. \u0160o apst\u0101kli var ietekm\u0113t izmantot\u0101 datora monitora uzst\u0101d\u012bt\u0101 kr\u0101su iz\u0161\u0137irtsp\u0113ja.<\/p>\n<p><strong>8. DRO\u0160\u012aBA<\/strong><\/p>\n<p>Ievadot nepiecie\u0161amo inform\u0101ciju, noform\u0113jot pas\u016bt\u012bjumu, Pirc\u0113js apliecina, ka ir iepazinies un piekr\u012bt, ka vi\u0146a sniegtie dati tiek izmantoti, lai P\u0101rdev\u0113js var\u0113tu pie\u0146emt Pirc\u0113ja pas\u016bt\u012bjumu un veikt pre\u010du pieg\u0101di saska\u0146\u0101 ar LR likumdo\u0161anas pras\u012bb\u0101m. Ievadot inform\u0101ciju, Pirc\u0113js piekr\u012bt, ka tam uz nor\u0101d\u012bto e-pastu tiks izs\u016bt\u012bti pazi\u0146ojumi, kas saist\u012bti ar Pirc\u0113ja pas\u016bt\u012bjuma apstr\u0101di. Pirc\u0113ja sniegtie dati KRISTIBAM.LV netiks nodoti nevienai tre\u0161ajai personai, k\u0101 ar\u012b p\u0101rdoti.[\/vc_column_text][\/vc_column][\/vc_row][vc_row full_width=&#8221;stretch_row&#8221; equal_height=&#8221;yes&#8221; content_placement=&#8221;middle&#8221; css=&#8221;.vc_custom_1618857914432{padding-top: 55px !important;padding-bottom: 55px !important;background-color: #f9f9f8 !important;background-position: center !important;background-repeat: no-repeat !important;background-size: contain !important;}&#8221;][vc_column width=&#8221;1\/6&#8243;][\/vc_column][vc_column width=&#8221;2\/3&#8243; css=&#8221;.vc_custom_1459934179836{margin-bottom: 40px !important;}&#8221;]\n<div class=\"wpcf7 no-js\" id=\"wpcf7-f2146-o1\" lang=\"en-US\" dir=\"ltr\">\n<div class=\"screen-reader-response\"><p role=\"status\" aria-live=\"polite\" aria-atomic=\"true\"><\/p> <ul><\/ul><\/div>\n<form action=\"\/lv\/wp-json\/wp\/v2\/pages\/4788#wpcf7-f2146-o1\" method=\"post\" class=\"wpcf7-form init\" aria-label=\"Contact form\" novalidate=\"novalidate\" data-status=\"init\">\n<div style=\"display: none;\">\n<input type=\"hidden\" name=\"_wpcf7\" value=\"2146\" \/>\n<input type=\"hidden\" name=\"_wpcf7_version\" value=\"5.9.8\" \/>\n<input type=\"hidden\" name=\"_wpcf7_locale\" value=\"en_US\" \/>\n<input type=\"hidden\" name=\"_wpcf7_unit_tag\" value=\"wpcf7-f2146-o1\" \/>\n<input type=\"hidden\" name=\"_wpcf7_container_post\" value=\"0\" \/>\n<input type=\"hidden\" name=\"_wpcf7_posted_data_hash\" value=\"\" \/>\n<input type=\"hidden\" name=\"_wpcf7_recaptcha_response\" value=\"\" \/>\n<\/div>\n<h3 style=\"text-align:center; margin-bottom:30px;\">UZRAKSTI MUMS\n<\/h3>\n<p style=\"text-align:center; margin-bottom:35px; color:#7e7974;\">Ja jums ir k\u0101ds jaut\u0101jums, uzdodiet to ar zem\u0101k redzamo kontaktformu.<br \/>\nL\u016bdzu, aizpildiet zem\u0101k eso\u0161o veidlapu, un m\u0113s sazin\u0101simies 72 stundu laik\u0101.\n<\/p>\n<div class=\"row\">\n\t<div class=\"col-md-6\">\n\t\t<p><label>V\u0101rds<span class='required'>*<\/span><\/label>\n\t\t<\/p>\n\t\t<p><span class=\"wpcf7-form-control-wrap\" data-name=\"your-name\"><input size=\"40\" maxlength=\"400\" class=\"wpcf7-form-control wpcf7-text wpcf7-validates-as-required\" aria-required=\"true\" aria-invalid=\"false\" value=\"\" type=\"text\" name=\"your-name\" \/><\/span>\n\t\t<\/p>\n\t<\/div>\n\t<div class=\"col-md-6\">\n\t\t<p><label>Uzv\u0101rds<span class='required'>*<\/span><\/label>\n\t\t<\/p>\n\t\t<p><span class=\"wpcf7-form-control-wrap\" data-name=\"your-surname\"><input size=\"40\" maxlength=\"400\" class=\"wpcf7-form-control wpcf7-text wpcf7-validates-as-required\" aria-required=\"true\" aria-invalid=\"false\" value=\"\" type=\"text\" name=\"your-surname\" \/><\/span>\n\t\t<\/p>\n\t<\/div>\n\t<div class=\"col-md-6\">\n\t\t<p><label>T\u0101lru\u0146a Numurs<span class='required'>*<\/span><\/label>\n\t\t<\/p>\n\t\t<p><span class=\"wpcf7-form-control-wrap\" data-name=\"your-phone\"><input size=\"40\" maxlength=\"400\" class=\"wpcf7-form-control wpcf7-tel wpcf7-validates-as-required wpcf7-text wpcf7-validates-as-tel\" aria-required=\"true\" aria-invalid=\"false\" value=\"\" type=\"tel\" name=\"your-phone\" \/><\/span>\n\t\t<\/p>\n\t<\/div>\n\t<div class=\"col-md-6\">\n\t\t<p><label>E-pasta adrese<span class='required'>*<\/span><\/label>\n\t\t<\/p>\n\t\t<p><span class=\"wpcf7-form-control-wrap\" data-name=\"your-email\"><input size=\"40\" maxlength=\"400\" class=\"wpcf7-form-control wpcf7-email wpcf7-validates-as-required wpcf7-text wpcf7-validates-as-email\" aria-required=\"true\" aria-invalid=\"false\" value=\"\" type=\"email\" name=\"your-email\" \/><\/span>\n\t\t<\/p>\n\t<\/div>\n\t<div class=\"col-md-12\">\n\t\t<p><label>Kur J\u016bs uzzin\u0101j\u0101t par mums?<span class='required'>*<\/span><\/label>\n\t\t<\/p>\n\t\t<p><span class=\"wpcf7-form-control-wrap\" data-name=\"your-refferer\"><select class=\"wpcf7-form-control wpcf7-select wpcf7-validates-as-required\" aria-required=\"true\" aria-invalid=\"false\" name=\"your-refferer\"><option value=\"\">&#8212;Please choose an option&#8212;<\/option><option value=\"Socialie t\u012bkli (Facebook, Instagram, cits.)\">Socialie t\u012bkli (Facebook, Instagram, cits.)<\/option><option value=\"Mekl\u0113\u0161anas platforma (Google, Bing)\">Mekl\u0113\u0161anas platforma (Google, Bing)<\/option><option value=\"\u017durn\u0101ls, Av\u012bze\">\u017durn\u0101ls, Av\u012bze<\/option><option value=\"No drauga\">No drauga<\/option><option value=\"Cits (l\u016bdzu, nor\u0101diet koment\u0101ru lauk\u0101)\">Cits (l\u016bdzu, nor\u0101diet koment\u0101ru lauk\u0101)<\/option><\/select><\/span>\n\t\t<\/p>\n\t<\/div>\n\t<div class=\"col-md-12\">\n\t\t<p><label>Zi\u0146ojums<\/label>\n\t\t<\/p>\n\t\t<p><span class=\"wpcf7-form-control-wrap\" data-name=\"your-message\"><textarea cols=\"40\" rows=\"10\" maxlength=\"2000\" class=\"wpcf7-form-control wpcf7-textarea\" aria-invalid=\"false\" placeholder=\"Uzrakstiet savu piepras\u012bjumu \u0161eit ...\" name=\"your-message\"><\/textarea><\/span>\n\t\t<\/p>\n\t<\/div>\n\t<div class=\"col-md-12\">\n\t\t<p><span class=\"wpcf7-form-control-wrap\" data-name=\"acceptance\"><span class=\"wpcf7-form-control wpcf7-acceptance\"><span class=\"wpcf7-list-item\"><label><input type=\"checkbox\" name=\"acceptance\" value=\"1\" aria-invalid=\"false\" \/><span class=\"wpcf7-list-item-label\">Es apstiprinu datu apstr\u0101di. <a href=\"\/lv\/noteikumi\/\" target=\"_blank\">Noteikumi<\/a>.<\/span><\/label><\/span><\/span><\/span>\n\t\t<\/p>\n\t<\/div>\n\t<div class=\"col-md-12\" style=\"text-align:center;\">\n\t\t<p class='wpcf7-submit'><input class=\"wpcf7-form-control wpcf7-submit has-spinner\" type=\"submit\" value=\"NOS\u016aT\u012aT\" \/>\n\t\t<\/p>\n\t<\/div>\n<\/div><div class=\"wpcf7-response-output\" aria-hidden=\"true\"><\/div>\n<\/form>\n<\/div>\n[\/vc_column][vc_column width=&#8221;1\/6&#8243;][\/vc_column][\/vc_row]<\/p>","protected":false},"excerpt":{"rendered":"<p>[vc_row][vc_column][header_specials el_title=&#8221;NOTEIKUMI&#8221; font_container=&#8221;tag:h2|font_size:26|text_align:center&#8221; google_fonts=&#8221;font_family:EB%20Garamond%3Aregular|font_style:400%20regular%3A400%3Anormal&#8221; text_align=&#8221;text-align:center&#8221; css=&#8221;.vc_custom_1618914567502{margin-bottom: 30px !important;}&#8221;][\/vc_column][\/vc_row][vc_row content_placement=&#8221;middle&#8221;][vc_column width=&#8221;1\/6&#8243;][\/vc_column][vc_column width=&#8221;2\/3&#8243; css=&#8221;.vc_custom_1459952902519{margin-bottom: 40px !important;}&#8221;][vc_column_text css=&#8221;.vc_custom_1618913812361{margin-bottom: 10px !important;}&#8221;] Latvijas Republikas likumdo\u0161ana nosaka, ka interneta veikala \u012bpa\u0161niekam ir j\u0101atrun\u0101 pre\u010du pieg\u0101des un atgrie\u0161anas noteikumi, k\u0101 ar\u012b atteikuma ties\u012bbas. \u0160\u0101du atrunu sauc par distances l\u012bgumu (MK noteikumi). [\/vc_column_text][\/vc_column][vc_column width=&#8221;1\/6&#8243;][\/vc_column][\/vc_row][vc_row content_placement=&#8221;middle&#8221;][vc_column][vc_column_text css=&#8221;.vc_custom_1618915740536{margin-bottom: 10px !important;}&#8221;]1.\u00a0VISP\u0100R\u0112JA INFORM\u0100CIJA Prieks par m\u016bsu satik\u0161anos\u00a0www.kristibam.lv\u00a0(turpm\u0101k [&hellip;]<\/p>\n","protected":false},"author":1,"featured_media":0,"parent":0,"menu_order":0,"comment_status":"closed","ping_status":"closed","template":"","meta":{"footnotes":""},"_links":{"self":[{"href":"https:\/\/kristibam.lv\/lv\/wp-json\/wp\/v2\/pages\/4788"}],"collection":[{"href":"https:\/\/kristibam.lv\/lv\/wp-json\/wp\/v2\/pages"}],"about":[{"href":"https:\/\/kristibam.lv\/lv\/wp-json\/wp\/v2\/types\/page"}],"author":[{"embeddable":true,"href":"https:\/\/kristibam.lv\/lv\/wp-json\/wp\/v2\/users\/1"}],"replies":[{"embeddable":true,"href":"https:\/\/kristibam.lv\/lv\/wp-json\/wp\/v2\/comments?post=4788"}],"version-history":[{"count":4,"href":"https:\/\/kristibam.lv\/lv\/wp-json\/wp\/v2\/pages\/4788\/revisions"}],"predecessor-version":[{"id":5092,"href":"https:\/\/kristibam.lv\/lv\/wp-json\/wp\/v2\/pages\/4788\/revisions\/5092"}],"wp:attachment":[{"href":"https:\/\/kristibam.lv\/lv\/wp-json\/wp\/v2\/media?parent=4788"}],"curies":[{"name":"wp","href":"https:\/\/api.w.org\/{rel}","templated":true}]}}