{"id":2054,"date":"2016-03-18T14:23:11","date_gmt":"2016-03-18T14:23:11","guid":{"rendered":"https:\/\/kristibam.lv\/?page_id=2054"},"modified":"2021-05-17T16:52:42","modified_gmt":"2021-05-17T16:52:42","slug":"contacts-2","status":"publish","type":"page","link":"https:\/\/kristibam.lv\/lv\/kontakti\/","title":{"rendered":"Kontakti"},"content":{"rendered":"<p>[vc_row css=&#8221;.vc_custom_1459871920505{margin-bottom: 35px !important;}&#8221;][vc_column][vc_raw_html]JTNDaWZyYW1lJTIwc3JjJTNEJTIyaHR0cHMlM0ElMkYlMkZ3d3cuZ29vZ2xlLmNvbSUyRm1hcHMlMkZlbWJlZCUzRnBiJTNEJTIxMW0xOCUyMTFtMTIlMjExbTMlMjExZDIxODEuMDY3MTI3MzI5Mjk1JTIxMmQyNC4zNDc3NzIzMTYxMzAzNCUyMTNkNTYuODYxOTQzOTEzMzY5NzM2JTIxMm0zJTIxMWYwJTIxMmYwJTIxM2YwJTIxM20yJTIxMWkxMDI0JTIxMmk3NjglMjE0ZjEzLjElMjEzbTMlMjExbTIlMjExczB4NDZlOTJkMTFiYjI3MGRmNSUyNTNBMHgxZDdkMGVmMDhiNzk4MzYyJTIxMnNSJTI1QzQlMjVBQmdhcyUyNTIwaWVsYSUyNTIwNTUlMjUyQyUyNTIwU2FsYXNwaWxzJTI1MkMlMjUyMFNhbGFzcGlscyUyNTIwcGlscyUyNUM0JTI1OTN0YSUyNTJDJTI1MjBMVi0yMTY5JTI1MkMlMjUyMExhdHZpYSUyMTVlMCUyMTNtMiUyMTFzZW4lMjEyc2llJTIxNHYxNjE4ODI5OTEzMTE0JTIxNW0yJTIxMXNlbiUyMTJzaWUlMjIlMjB3aWR0aCUzRCUyMjEwMCUyNSUyMiUyMGhlaWdodCUzRCUyMjMwMCUyMiUyMHN0eWxlJTNEJTIyYm9yZGVyJTNBMCUzQiUyMiUyMGFsbG93ZnVsbHNjcmVlbiUzRCUyMiUyMiUyMGxvYWRpbmclM0QlMjJsYXp5JTIyJTNFJTNDJTJGaWZyYW1lJTNF[\/vc_raw_html][\/vc_column][\/vc_row][vc_row][vc_column][header_specials el_title=&#8221;KONTAKTINFORM\u0100CIJA&#8221; font_container=&#8221;tag:h2|font_size:26|text_align:center&#8221; google_fonts=&#8221;font_family:EB%20Garamond%3Aregular|font_style:400%20regular%3A400%3Anormal&#8221; text_align=&#8221;text-align:center&#8221; css=&#8221;.vc_custom_1618829989600{margin-bottom: 30px !important;}&#8221;][\/vc_column][\/vc_row][vc_row content_placement=&#8221;middle&#8221;][vc_column width=&#8221;1\/6&#8243;][\/vc_column][vc_column width=&#8221;2\/3&#8243; css=&#8221;.vc_custom_1459952902519{margin-bottom: 40px !important;}&#8221;][vc_column_text css=&#8221;.vc_custom_1618834275298{margin-bottom: 10px !important;}&#8221;]<\/p>\n<p style=\"text-align: center;\">M\u016bsu veikals atrodas Salaspil\u012b, R\u012bgas iel\u0101 55. Ja brauciet ar automa\u0161\u012bnu, J\u016bs variet izmantot bezmaksas autost\u0101vlaukumu pie &#8220;Sen\u0101 Bode&#8221; vai braucot pa Budeskalna ielu, aiz autoservisa atrad\u012bsiet bezmakas st\u0101vlaukumu. J\u016bs esat laipni gaid\u012bti!<\/p>\n<p>[\/vc_column_text][\/vc_column][vc_column width=&#8221;1\/6&#8243;][\/vc_column][\/vc_row][vc_row content_placement=&#8221;top&#8221; css=&#8221;.vc_custom_1459949252906{margin-bottom: 40px !important;}&#8221;][vc_column width=&#8221;1\/4&#8243;][vc_icon icon_fontawesome=&#8221;fa fa-phone&#8221; color=&#8221;custom&#8221; background_style=&#8221;rounded-outline&#8221; background_color=&#8221;custom&#8221; align=&#8221;center&#8221; css_animation=&#8221;appear&#8221; css=&#8221;.vc_custom_1459952587533{margin-bottom: 20px !important;border-radius: 20px !important;}&#8221; custom_color=&#8221;#9c968f&#8221; custom_background_color=&#8221;#e1e1e1&#8243;][vc_custom_heading text=&#8221;T\u0100LRUNIS&#8221; font_container=&#8221;tag:h3|font_size:14|text_align:center&#8221; google_fonts=&#8221;font_family:EB%20Garamond%3Aregular|font_style:400%20regular%3A400%3Anormal&#8221; css=&#8221;.vc_custom_1618830450987{margin-bottom: 20px !important;}&#8221;][vc_column_text]<\/p>\n<p style=\"text-align: center;\"><a href=\"tel:+37126389900\"><span style=\"color: #7e7974;\">+371 2 638 9900<\/span><\/a><\/p>\n<p>[\/vc_column_text][\/vc_column][vc_column width=&#8221;1\/4&#8243;][vc_icon icon_fontawesome=&#8221;fa fa-map-marker&#8221; color=&#8221;custom&#8221; background_style=&#8221;rounded-outline&#8221; background_color=&#8221;custom&#8221; align=&#8221;center&#8221; css_animation=&#8221;appear&#8221; custom_color=&#8221;#9c968f&#8221; custom_background_color=&#8221;#e1e1e1&#8243; css=&#8221;.vc_custom_1459952595679{margin-bottom: 20px !important;}&#8221;][vc_custom_heading text=&#8221;ADRESE&#8221; font_container=&#8221;tag:h3|font_size:14|text_align:center&#8221; google_fonts=&#8221;font_family:EB%20Garamond%3Aregular|font_style:400%20regular%3A400%3Anormal&#8221; css=&#8221;.vc_custom_1618830671190{margin-bottom: 20px !important;}&#8221;][vc_column_text]<\/p>\n<p style=\"text-align: center;\"><span style=\"color: #7e7974;\">R\u012bgas iela 55, Salaspils,<br \/>\nSalaspils pils\u0113ta, LV-2169,<br \/>\nLatvia<\/span><\/p>\n<p>[\/vc_column_text][\/vc_column][vc_column width=&#8221;1\/4&#8243;][vc_icon icon_fontawesome=&#8221;fa fa-envelope&#8221; color=&#8221;custom&#8221; background_style=&#8221;rounded-outline&#8221; background_color=&#8221;custom&#8221; align=&#8221;center&#8221; css_animation=&#8221;appear&#8221; custom_color=&#8221;#9c968f&#8221; custom_background_color=&#8221;#e1e1e1&#8243; css=&#8221;.vc_custom_1459952603648{margin-bottom: 20px !important;}&#8221;][vc_custom_heading text=&#8221;E-PASTS&#8221; font_container=&#8221;tag:h2|font_size:14|text_align:center&#8221; google_fonts=&#8221;font_family:EB%20Garamond%3Aregular|font_style:400%20regular%3A400%3Anormal&#8221; css=&#8221;.vc_custom_1618830681042{margin-bottom: 20px !important;}&#8221;][vc_column_text el_class=&#8221;mail&#8221;]<\/p>\n<p style=\"text-align: center;\"><a href=\"mailto:info@kristibam.lv\">info@kristibam.lv<\/a><\/p>\n<p>[\/vc_column_text][\/vc_column][vc_column width=&#8221;1\/4&#8243;][vc_icon type=&#8221;entypo&#8221; icon_entypo=&#8221;entypo-icon entypo-icon-clock&#8221; color=&#8221;custom&#8221; background_style=&#8221;rounded-outline&#8221; background_color=&#8221;custom&#8221; align=&#8221;center&#8221; css_animation=&#8221;appear&#8221; custom_color=&#8221;#9c968f&#8221; custom_background_color=&#8221;#e1e1e1&#8243; css=&#8221;.vc_custom_1459952650728{margin-bottom: 20px !important;}&#8221;][vc_custom_heading text=&#8221;DARBA LAIKS&#8221; font_container=&#8221;tag:h2|font_size:14|text_align:center&#8221; google_fonts=&#8221;font_family:EB%20Garamond%3Aregular|font_style:400%20regular%3A400%3Anormal&#8221; css=&#8221;.vc_custom_1618830753197{margin-bottom: 20px !important;}&#8221;][vc_column_text]<\/p>\n<p style=\"text-align: center;\"><span style=\"color: #7e7974;\">Atv\u0113rts Pr. &#8211; Ct.: 9:30 &#8211; 18:00<br \/>\nPk.- Se.: p\u0113c pieraksta<br \/>\n<\/span><span style=\"color: #7e7974;\">Sv\u0113tdien: sl\u0113gts<br \/>\n<\/span><\/p>\n<p>[\/vc_column_text][\/vc_column][\/vc_row][vc_row full_width=&#8221;stretch_row&#8221; equal_height=&#8221;yes&#8221; content_placement=&#8221;middle&#8221; css=&#8221;.vc_custom_1618857914432{padding-top: 55px !important;padding-bottom: 55px !important;background-color: #f9f9f8 !important;background-position: center !important;background-repeat: no-repeat !important;background-size: contain !important;}&#8221;][vc_column width=&#8221;1\/6&#8243;][\/vc_column][vc_column width=&#8221;2\/3&#8243; css=&#8221;.vc_custom_1459934179836{margin-bottom: 40px !important;}&#8221;]\n<div class=\"wpcf7 no-js\" id=\"wpcf7-f2146-o1\" lang=\"en-US\" dir=\"ltr\">\n<div class=\"screen-reader-response\"><p role=\"status\" aria-live=\"polite\" aria-atomic=\"true\"><\/p> <ul><\/ul><\/div>\n<form action=\"\/lv\/wp-json\/wp\/v2\/pages\/2054#wpcf7-f2146-o1\" method=\"post\" class=\"wpcf7-form init\" aria-label=\"Contact form\" novalidate=\"novalidate\" data-status=\"init\">\n<div style=\"display: none;\">\n<input type=\"hidden\" name=\"_wpcf7\" value=\"2146\" \/>\n<input type=\"hidden\" name=\"_wpcf7_version\" value=\"5.9.8\" \/>\n<input type=\"hidden\" name=\"_wpcf7_locale\" value=\"en_US\" \/>\n<input type=\"hidden\" name=\"_wpcf7_unit_tag\" value=\"wpcf7-f2146-o1\" \/>\n<input type=\"hidden\" name=\"_wpcf7_container_post\" value=\"0\" \/>\n<input type=\"hidden\" name=\"_wpcf7_posted_data_hash\" value=\"\" \/>\n<input type=\"hidden\" name=\"_wpcf7_recaptcha_response\" value=\"\" \/>\n<\/div>\n<h3 style=\"text-align:center; margin-bottom:30px;\">UZRAKSTI MUMS\n<\/h3>\n<p style=\"text-align:center; margin-bottom:35px; color:#7e7974;\">Ja jums ir k\u0101ds jaut\u0101jums, uzdodiet to ar zem\u0101k redzamo kontaktformu.<br \/>\nL\u016bdzu, aizpildiet zem\u0101k eso\u0161o veidlapu, un m\u0113s sazin\u0101simies 72 stundu laik\u0101.\n<\/p>\n<div class=\"row\">\n\t<div class=\"col-md-6\">\n\t\t<p><label>V\u0101rds<span class='required'>*<\/span><\/label>\n\t\t<\/p>\n\t\t<p><span class=\"wpcf7-form-control-wrap\" data-name=\"your-name\"><input size=\"40\" maxlength=\"400\" class=\"wpcf7-form-control wpcf7-text wpcf7-validates-as-required\" aria-required=\"true\" aria-invalid=\"false\" value=\"\" type=\"text\" name=\"your-name\" \/><\/span>\n\t\t<\/p>\n\t<\/div>\n\t<div class=\"col-md-6\">\n\t\t<p><label>Uzv\u0101rds<span class='required'>*<\/span><\/label>\n\t\t<\/p>\n\t\t<p><span class=\"wpcf7-form-control-wrap\" data-name=\"your-surname\"><input size=\"40\" maxlength=\"400\" class=\"wpcf7-form-control wpcf7-text wpcf7-validates-as-required\" aria-required=\"true\" aria-invalid=\"false\" value=\"\" type=\"text\" name=\"your-surname\" \/><\/span>\n\t\t<\/p>\n\t<\/div>\n\t<div class=\"col-md-6\">\n\t\t<p><label>T\u0101lru\u0146a Numurs<span class='required'>*<\/span><\/label>\n\t\t<\/p>\n\t\t<p><span class=\"wpcf7-form-control-wrap\" data-name=\"your-phone\"><input size=\"40\" maxlength=\"400\" class=\"wpcf7-form-control wpcf7-tel wpcf7-validates-as-required wpcf7-text wpcf7-validates-as-tel\" aria-required=\"true\" aria-invalid=\"false\" value=\"\" type=\"tel\" name=\"your-phone\" \/><\/span>\n\t\t<\/p>\n\t<\/div>\n\t<div class=\"col-md-6\">\n\t\t<p><label>E-pasta adrese<span class='required'>*<\/span><\/label>\n\t\t<\/p>\n\t\t<p><span class=\"wpcf7-form-control-wrap\" data-name=\"your-email\"><input size=\"40\" maxlength=\"400\" class=\"wpcf7-form-control wpcf7-email wpcf7-validates-as-required wpcf7-text wpcf7-validates-as-email\" aria-required=\"true\" aria-invalid=\"false\" value=\"\" type=\"email\" name=\"your-email\" \/><\/span>\n\t\t<\/p>\n\t<\/div>\n\t<div class=\"col-md-12\">\n\t\t<p><label>Kur J\u016bs uzzin\u0101j\u0101t par mums?<span class='required'>*<\/span><\/label>\n\t\t<\/p>\n\t\t<p><span class=\"wpcf7-form-control-wrap\" data-name=\"your-refferer\"><select class=\"wpcf7-form-control wpcf7-select wpcf7-validates-as-required\" aria-required=\"true\" aria-invalid=\"false\" name=\"your-refferer\"><option value=\"\">&#8212;Please choose an option&#8212;<\/option><option value=\"Socialie t\u012bkli (Facebook, Instagram, cits.)\">Socialie t\u012bkli (Facebook, Instagram, cits.)<\/option><option value=\"Mekl\u0113\u0161anas platforma (Google, Bing)\">Mekl\u0113\u0161anas platforma (Google, Bing)<\/option><option value=\"\u017durn\u0101ls, Av\u012bze\">\u017durn\u0101ls, Av\u012bze<\/option><option value=\"No drauga\">No drauga<\/option><option value=\"Cits (l\u016bdzu, nor\u0101diet koment\u0101ru lauk\u0101)\">Cits (l\u016bdzu, nor\u0101diet koment\u0101ru lauk\u0101)<\/option><\/select><\/span>\n\t\t<\/p>\n\t<\/div>\n\t<div class=\"col-md-12\">\n\t\t<p><label>Zi\u0146ojums<\/label>\n\t\t<\/p>\n\t\t<p><span class=\"wpcf7-form-control-wrap\" data-name=\"your-message\"><textarea cols=\"40\" rows=\"10\" maxlength=\"2000\" class=\"wpcf7-form-control wpcf7-textarea\" aria-invalid=\"false\" placeholder=\"Uzrakstiet savu piepras\u012bjumu \u0161eit ...\" name=\"your-message\"><\/textarea><\/span>\n\t\t<\/p>\n\t<\/div>\n\t<div class=\"col-md-12\">\n\t\t<p><span class=\"wpcf7-form-control-wrap\" data-name=\"acceptance\"><span class=\"wpcf7-form-control wpcf7-acceptance\"><span class=\"wpcf7-list-item\"><label><input type=\"checkbox\" name=\"acceptance\" value=\"1\" aria-invalid=\"false\" \/><span class=\"wpcf7-list-item-label\">Es apstiprinu datu apstr\u0101di. <a href=\"\/lv\/noteikumi\/\" target=\"_blank\">Noteikumi<\/a>.<\/span><\/label><\/span><\/span><\/span>\n\t\t<\/p>\n\t<\/div>\n\t<div class=\"col-md-12\" style=\"text-align:center;\">\n\t\t<p class='wpcf7-submit'><input class=\"wpcf7-form-control wpcf7-submit has-spinner\" type=\"submit\" value=\"NOS\u016aT\u012aT\" \/>\n\t\t<\/p>\n\t<\/div>\n<\/div><div class=\"wpcf7-response-output\" aria-hidden=\"true\"><\/div>\n<\/form>\n<\/div>\n[\/vc_column][vc_column width=&#8221;1\/6&#8243;][\/vc_column][\/vc_row]<\/p>","protected":false},"excerpt":{"rendered":"<p>[vc_row css=&#8221;.vc_custom_1459871920505{margin-bottom: 35px !important;}&#8221;][vc_column][vc_raw_html]JTNDaWZyYW1lJTIwc3JjJTNEJTIyaHR0cHMlM0ElMkYlMkZ3d3cuZ29vZ2xlLmNvbSUyRm1hcHMlMkZlbWJlZCUzRnBiJTNEJTIxMW0xOCUyMTFtMTIlMjExbTMlMjExZDIxODEuMDY3MTI3MzI5Mjk1JTIxMmQyNC4zNDc3NzIzMTYxMzAzNCUyMTNkNTYuODYxOTQzOTEzMzY5NzM2JTIxMm0zJTIxMWYwJTIxMmYwJTIxM2YwJTIxM20yJTIxMWkxMDI0JTIxMmk3NjglMjE0ZjEzLjElMjEzbTMlMjExbTIlMjExczB4NDZlOTJkMTFiYjI3MGRmNSUyNTNBMHgxZDdkMGVmMDhiNzk4MzYyJTIxMnNSJTI1QzQlMjVBQmdhcyUyNTIwaWVsYSUyNTIwNTUlMjUyQyUyNTIwU2FsYXNwaWxzJTI1MkMlMjUyMFNhbGFzcGlscyUyNTIwcGlscyUyNUM0JTI1OTN0YSUyNTJDJTI1MjBMVi0yMTY5JTI1MkMlMjUyMExhdHZpYSUyMTVlMCUyMTNtMiUyMTFzZW4lMjEyc2llJTIxNHYxNjE4ODI5OTEzMTE0JTIxNW0yJTIxMXNlbiUyMTJzaWUlMjIlMjB3aWR0aCUzRCUyMjEwMCUyNSUyMiUyMGhlaWdodCUzRCUyMjMwMCUyMiUyMHN0eWxlJTNEJTIyYm9yZGVyJTNBMCUzQiUyMiUyMGFsbG93ZnVsbHNjcmVlbiUzRCUyMiUyMiUyMGxvYWRpbmclM0QlMjJsYXp5JTIyJTNFJTNDJTJGaWZyYW1lJTNF[\/vc_raw_html][\/vc_column][\/vc_row][vc_row][vc_column][header_specials el_title=&#8221;KONTAKTINFORM\u0100CIJA&#8221; font_container=&#8221;tag:h2|font_size:26|text_align:center&#8221; google_fonts=&#8221;font_family:EB%20Garamond%3Aregular|font_style:400%20regular%3A400%3Anormal&#8221; text_align=&#8221;text-align:center&#8221; css=&#8221;.vc_custom_1618829989600{margin-bottom: 30px !important;}&#8221;][\/vc_column][\/vc_row][vc_row content_placement=&#8221;middle&#8221;][vc_column width=&#8221;1\/6&#8243;][\/vc_column][vc_column width=&#8221;2\/3&#8243; css=&#8221;.vc_custom_1459952902519{margin-bottom: 40px !important;}&#8221;][vc_column_text css=&#8221;.vc_custom_1618834275298{margin-bottom: 10px !important;}&#8221;] M\u016bsu veikals atrodas Salaspil\u012b, R\u012bgas iel\u0101 55. Ja brauciet ar automa\u0161\u012bnu, J\u016bs variet izmantot bezmaksas autost\u0101vlaukumu pie &#8220;Sen\u0101 Bode&#8221; vai braucot pa Budeskalna ielu, aiz autoservisa atrad\u012bsiet bezmakas st\u0101vlaukumu. J\u016bs esat laipni gaid\u012bti! [\/vc_column_text][\/vc_column][vc_column width=&#8221;1\/6&#8243;][\/vc_column][\/vc_row][vc_row [&hellip;]<\/p>\n","protected":false},"author":1,"featured_media":0,"parent":0,"menu_order":0,"comment_status":"closed","ping_status":"closed","template":"","meta":{"footnotes":""},"_links":{"self":[{"href":"https:\/\/kristibam.lv\/lv\/wp-json\/wp\/v2\/pages\/2054"}],"collection":[{"href":"https:\/\/kristibam.lv\/lv\/wp-json\/wp\/v2\/pages"}],"about":[{"href":"https:\/\/kristibam.lv\/lv\/wp-json\/wp\/v2\/types\/page"}],"author":[{"embeddable":true,"href":"https:\/\/kristibam.lv\/lv\/wp-json\/wp\/v2\/users\/1"}],"replies":[{"embeddable":true,"href":"https:\/\/kristibam.lv\/lv\/wp-json\/wp\/v2\/comments?post=2054"}],"version-history":[{"count":13,"href":"https:\/\/kristibam.lv\/lv\/wp-json\/wp\/v2\/pages\/2054\/revisions"}],"predecessor-version":[{"id":4789,"href":"https:\/\/kristibam.lv\/lv\/wp-json\/wp\/v2\/pages\/2054\/revisions\/4789"}],"wp:attachment":[{"href":"https:\/\/kristibam.lv\/lv\/wp-json\/wp\/v2\/media?parent=2054"}],"curies":[{"name":"wp","href":"https:\/\/api.w.org\/{rel}","templated":true}]}}