{"id":5239,"date":"2022-05-22T13:00:40","date_gmt":"2022-05-22T13:00:40","guid":{"rendered":"https:\/\/kristibam.lv\/lv\/?post_type=product&#038;p=5239"},"modified":"2022-05-29T11:51:43","modified_gmt":"2022-05-29T11:51:43","slug":"atminu-gramata-manas-kristibas","status":"publish","type":"product","link":"https:\/\/kristibam.lv\/en\/product\/memory-book-my-baptism\/","title":{"rendered":"Memory Book MY BAPTISM"},"content":{"rendered":"<p>Krist\u012bbas vai krustabas ir \u012bpa\u0161i sv\u0113tki katram un atmi\u0146u gr\u0101mata MANAS KRIST\u012aBAS ir rad\u012bta \u0161o atmi\u0146u glab\u0101\u0161anai.<\/p>\n<p>Kas gan var b\u016bt lab\u0101ks par iem\u016b\u017ein\u0101t\u0101m atmi\u0146\u0101m ar ierakst\u012btiem st\u0101stiem.<\/p>\n<p>Gr\u0101mata iedal\u0101s tr\u012bs tematiskaj\u0101s noda\u013c\u0101s \u2013 St\u0101sts par mani; Mana \u0123imene un Manas<\/p>\n<p>krist\u012bbas.<\/p>\n<p>Katr\u0101 noda\u013c\u0101 var\u0113s ierakst\u012bt savu unik\u0101lo st\u0101stu un papildin\u0101t ar fotogr\u0101fij\u0101m.<\/p>\n<p>&nbsp;<\/p>\n<ul>\n<li>Gr\u0101mat\u0101 ir 64 lappuses<\/li>\n<li>iek\u0161lap\u0101m ir \u012bpa\u0161i piemekl\u0113ts pap\u012brs, lai b\u016btu \u0113rt\u0101ka rakst\u012b\u0161ana.<\/li>\n<li>Izm\u0113rs:\u00a01,6 x 17 x 24 cm<\/li>\n<li>Cieti kartona v\u0101ki ar zelta follija druku<\/li>\n<li>Izdev\u0113js:\u00a0Amber Book Print, tipogr\u0101fija- Dardedze hologr\u0101fija<\/li>\n<li>Autors <a href=\"http:\/\/www.kristibam.lv\">kristibam.lv<\/a><\/li>\n<\/ul>\n<p><em>L\u016bdzu, \u0146em v\u0113r\u0101, ka Tava datora ekr\u0101na iestat\u012bjumi ietekm\u0113 produktu att\u0113lo\u0161anas iesp\u0113jas, t\u0101p\u0113c to kr\u0101sa var nedaudz at\u0161\u0137irties no att\u0113l\u0101 redzam\u0101s!<\/em><\/p>","protected":false},"excerpt":{"rendered":"<p>Krist\u012bbas vai krustabas ir \u012bpa\u0161i sv\u0113tki katram un atmi\u0146u gr\u0101mata MANAS KRIST\u012aBAS ir rad\u012bta \u0161o atmi\u0146u glab\u0101\u0161anai.<\/p>\n","protected":false},"featured_media":5240,"template":"","meta":[],"product_cat":[427],"product_tag":[430,428,358,429,385],"_links":{"self":[{"href":"https:\/\/kristibam.lv\/en\/wp-json\/wp\/v2\/product\/5239"}],"collection":[{"href":"https:\/\/kristibam.lv\/en\/wp-json\/wp\/v2\/product"}],"about":[{"href":"https:\/\/kristibam.lv\/en\/wp-json\/wp\/v2\/types\/product"}],"wp:featuredmedia":[{"embeddable":true,"href":"https:\/\/kristibam.lv\/en\/wp-json\/wp\/v2\/media\/5240"}],"wp:attachment":[{"href":"https:\/\/kristibam.lv\/en\/wp-json\/wp\/v2\/media?parent=5239"}],"wp:term":[{"taxonomy":"product_cat","embeddable":true,"href":"https:\/\/kristibam.lv\/en\/wp-json\/wp\/v2\/product_cat?post=5239"},{"taxonomy":"product_tag","embeddable":true,"href":"https:\/\/kristibam.lv\/en\/wp-json\/wp\/v2\/product_tag?post=5239"}],"curies":[{"name":"wp","href":"https:\/\/api.w.org\/{rel}","templated":true}]}}